{"id":2383,"date":"2024-03-12T16:02:28","date_gmt":"2024-03-12T21:02:28","guid":{"rendered":"https:\/\/prevemedgroup.com\/panama\/?page_id=2383"},"modified":"2024-03-13T11:19:29","modified_gmt":"2024-03-13T16:19:29","slug":"politica-para-el-tratamiento-de-datos-personales","status":"publish","type":"page","link":"https:\/\/prevemedgroup.com\/panama\/politica-para-el-tratamiento-de-datos-personales\/","title":{"rendered":"POLITICA PARA EL TRATAMIENTO DE DATOS PERSONALES"},"content":{"rendered":"\t\t<div data-elementor-type=\"wp-page\" data-elementor-id=\"2383\" class=\"elementor elementor-2383\">\n\t\t\t\t\t\t<section class=\"elementor-section elementor-top-section elementor-element elementor-element-951aa8b elementor-section-boxed elementor-section-height-default elementor-section-height-default\" data-id=\"951aa8b\" data-element_type=\"section\" data-e-type=\"section\">\n\t\t\t\t\t\t<div class=\"elementor-container elementor-column-gap-default\">\n\t\t\t\t\t<div class=\"elementor-column elementor-col-100 elementor-top-column elementor-element elementor-element-c7726f1\" data-id=\"c7726f1\" data-element_type=\"column\" data-e-type=\"column\">\n\t\t\t<div class=\"elementor-widget-wrap elementor-element-populated\">\n\t\t\t\t\t\t<div class=\"elementor-element elementor-element-267b8ee elementor-widget elementor-widget-heading\" data-id=\"267b8ee\" data-element_type=\"widget\" data-e-type=\"widget\" data-widget_type=\"heading.default\">\n\t\t\t\t<div class=\"elementor-widget-container\">\n\t\t\t\t\t<h3 class=\"elementor-heading-title elementor-size-default\">POLITICA PARA EL TRATAMIENTO DE DATOS PERSONALES<\/h3>\t\t\t\t<\/div>\n\t\t\t\t<\/div>\n\t\t\t\t\t<\/div>\n\t\t<\/div>\n\t\t\t\t\t<\/div>\n\t\t<\/section>\n\t\t\t\t<section class=\"elementor-section elementor-top-section elementor-element elementor-element-06e28bc elementor-section-boxed elementor-section-height-default elementor-section-height-default\" data-id=\"06e28bc\" data-element_type=\"section\" data-e-type=\"section\">\n\t\t\t\t\t\t<div class=\"elementor-container elementor-column-gap-default\">\n\t\t\t\t\t<div class=\"elementor-column elementor-col-100 elementor-top-column elementor-element elementor-element-0e48245\" data-id=\"0e48245\" data-element_type=\"column\" data-e-type=\"column\">\n\t\t\t<div class=\"elementor-widget-wrap elementor-element-populated\">\n\t\t\t\t\t\t<div class=\"elementor-element elementor-element-fd57f5e elementor-widget elementor-widget-text-editor\" data-id=\"fd57f5e\" data-element_type=\"widget\" data-e-type=\"widget\" data-widget_type=\"text-editor.default\">\n\t\t\t\t<div class=\"elementor-widget-container\">\n\t\t\t\t\t\t\t\t\t<p>Dando cumplimiento a lo se\u00f1alado en la Ley 81 del 26 de marzo de 2019, reglamentada mediante el Decreto Ejecutivo 285 del 28 de mayo de 2021 y dem\u00e1s disposiciones relacionadas, informamos a todos los interesados que esta pol\u00edtica de protecci\u00f3n de datos personales se aplicar\u00e1 a todas las bases de datos que contengan datos personales y que sean objeto de tratamiento por parte de Orientaci\u00f3n Prevemed de Panam\u00e1 Corp. Sociedad an\u00f3nima inscrita a ficha 846459 de la secci\u00f3n de Mercantil del Registro P\u00fablico de Panam\u00e1.<\/p>\n<p>Dicho tratamiento podr\u00e1 realizarse por parte de ORIENTACI\u00d3N PREVEMED DE PANAMA CORP. y dem\u00e1s personas naturales o jur\u00eddicas que la compa\u00f1\u00eda delegue. Los datos que sean suministrados por el USUARIO a trav\u00e9s del portal web u\/o cualquier otra de las fuentes utilizadas por ORIENTACI\u00d3N PREVEMED DE PANAM\u00c1 CORP para el establecimiento de contacto; ser\u00e1n utilizados por ORIENTACION PREVEMED DE PANAMA CORP. \u00fanicamente para los fines establecidos a trav\u00e9s de la pol\u00edtica de tratamiento de datos personales. Por lo anterior, con la aceptaci\u00f3n de la presente pol\u00edtica, el USUARIO manifiesta de forma expresa otorgada a trav\u00e9s del registro de esta p\u00e1gina web, que acepta las condiciones aqu\u00ed expresas y autoriza con consentimiento expl\u00edcito a ORIENTACION PREVEMED DE PANAMA CORP. y a las dem\u00e1s personas naturales o jur\u00eddicas que este determine para tratar sus datos para los fines indicados, de acuerdo con las condiciones de las normas vigentes. El dise\u00f1o y contenido de esta p\u00e1gina web es de propiedad exclusiva de ORIENTACION PREVEMED DE PANAMA CORP. y est\u00e1 prohibido su uso y reproducci\u00f3n.<\/p>\n<p>INFORMACI\u00d3N GENERAL<\/p>\n<p>ORIENTACION PREVEMED DE PANAMA CORP. define las directrices para dar cumplimiento a la Ley 81 del 26 de marzo de 2019, y su reglamento, por la cual se dictan disposiciones generales para la protecci\u00f3n de datos personales, con el fin de desarrollar el derecho constitucional que tienen todas las personas a conocer, actualizar y rectificar la informaci\u00f3n que se haya recogido sobre ellas en bases de datos o archivos, y los dem\u00e1s derechos, libertades y garant\u00edas.<\/p>\n<p>Los principios y disposiciones contenidas en la mencionada ley son aplicables a los datos personales registrados en cualquier base de datos que los haga susceptibles de tratamiento por entidades de naturaleza p\u00fablica o privada. Por lo tanto, la organizaci\u00f3n se debe regir por el r\u00e9gimen de protecci\u00f3n de datos personales establecido por esta ley, sus decretos reglamentarios y dem\u00e1s normatividad que la complemente, modifique o derogue.<\/p>\n<p>Esta pol\u00edtica debe ser aplicada por todos los empleados y encargados, y en todos los procesos identificados en la organizaci\u00f3n donde exista tratamiento de datos personales.<\/p>\n<p>Este aviso de Privacidad de ORIENTACI\u00d3N PREVEMED DE PANAMA CORP. puede ser modificado, actualizado o adicionado de tiempo en tiempo a discreci\u00f3n de ORIENTACI\u00d3N PREVEMED DE PANAM\u00c1 CORP.&nbsp; lo cual siempre estar\u00e1 en cumplimiento de la ley 81 del 26 de marzo de 2019. y se encontrar\u00e1 siempre disponible, vigente y actualizado en nuestro sitio web.<\/p>\n<ol>\n<li>IDENTIFICACI\u00d3N DEL RESPONSABLE DEL TRATAMIENTO DE DATOS PERSONALES<\/li>\n<\/ol>\n<p>Nombre o raz\u00f3n social: ORIENTACION PREVEMED DE PANAMA CORP. &nbsp;sociedad an\u00f3nima inscrita a ficha 846459 de la secci\u00f3n de Mercantil del Registro P\u00fablico de Panam\u00e1.<\/p>\n<p>Tel\u00e9fono: 340-4242<\/p>\n<p>Direcci\u00f3n:&nbsp;&nbsp; Panam\u00e1, Distrito de Panam\u00e1, San Francisco, Urbanizaci\u00f3n Punta Pac\u00edfica, Edificio PH Ocean\u00eda Business Plaza<\/p>\n<ol start=\"2\">\n<li>DEFINICIONES<\/li>\n<\/ol>\n<p>Autorizaci\u00f3n: Consentimiento previo, expreso e informado del titular para llevar a cabo el Tratamiento de datos personales.<\/p>\n<p>Aviso de privacidad: Comunicaci\u00f3n verbal o escrita generada por el responsable, dirigida al Titular para el Tratamiento de sus datos personales, mediante la cual se le informa acerca de la existencia de las pol\u00edticas de Tratamiento de informaci\u00f3n que le ser\u00e1n aplicables, la forma de acceder a las mismas y las finalidades del Tratamiento que se pretende dar a los datos personales.<\/p>\n<p>Base de datos: Conjunto organizado de datos personales que sea objeto de tratamiento.<\/p>\n<p>Datos personales: Cualquier informaci\u00f3n vinculada o que pueda asociarse a una o varias personas naturales determinadas o determinables.<\/p>\n<p>Datos sensibles: Son aquellos que afectan la intimidad del titular o cuyo uso indebido puede generar su discriminaci\u00f3n, tales como aquellos que revelen el origen racial o \u00e9tnico, la orientaci\u00f3n pol\u00edtica, las convicciones religiosas o filos\u00f3ficas, la pertenencia a sindicatos, organizaciones sociales, de derechos humanos o que promueva intereses de cualquier partido pol\u00edtico o que garanticen los derechos y garant\u00edas de partidos pol\u00edticos de oposici\u00f3n as\u00ed como los datos relativos a la salud, a la vida sexual y los datos biom\u00e9tricos. (Ley 81 de 2017).<\/p>\n<p>Encargado del tratamiento: Persona natural o jur\u00eddica, p\u00fablica o privada, que por s\u00ed misma o en asocio con otros, realice el tratamiento de datos personales por cuenta del responsable del tratamiento.<\/p>\n<p>Responsable del tratamiento: Persona natural o jur\u00eddica, p\u00fablica o privada, que por s\u00ed misma o en asocio con otros, decida sobre la base de datos y\/o el tratamiento de los datos.<\/p>\n<p>Titular: Persona natural cuyos datos personales sean objeto de tratamiento.<\/p>\n<p>Tratamiento de datos: Cualquier operaci\u00f3n o conjunto de operaciones sobre datos personales, tales como la recolecci\u00f3n, almacenamiento, uso, circulaci\u00f3n o supresi\u00f3n.<\/p>\n<ol start=\"3\">\n<li>PRINCIPIOS APLICABLES AL TRATAMIENTO DE DATOS PERSONALES<\/li>\n<\/ol>\n<p>Estos principios constituyen las reglas a seguir en la recolecci\u00f3n, manejo, uso, tratamiento, almacenamiento e intercambio, de datos personales:<\/p>\n<p>Principio de Licitud: Los datos personales ser\u00e1n recolectados y tratados conforme a las disposiciones legales aplicables (Ley 81 de 2019).<\/p>\n<p>Principio de Finalidad: Los datos personales recolectados ser\u00e1n utilizados para un prop\u00f3sito espec\u00edfico y expl\u00edcito el cual debe ser informado al Titular o permitido por la Ley. El Titular ser\u00e1 informado de manera clara, suficiente y previa acerca de la finalidad de la informaci\u00f3n suministrada.<\/p>\n<p>Lealtad: La recolecci\u00f3n de los Datos Personales se efectuar\u00e1 con la autorizaci\u00f3n, previa, expresa e informada del Titular.<\/p>\n<p>Principio de Proporcionalidad:&nbsp; Se recolectar\u00e1n \u00fanicamente los datos exactos requeridos para el contacto con el cliente y la prestaci\u00f3n del servicio.&nbsp; Se permitir\u00e1 el acceso a los datos personales \u00fanicamente a los empleados que lo necesiten para el desarrollo de sus funciones, limitando a la cantidad de datos y tiempo requerido.<\/p>\n<p>Principio de Veracidad y Exactitud: La informaci\u00f3n sujeta al Tratamiento de Datos Personales debe ser veraz, completa, exacta, actualizada, comprobable y comprensible.<\/p>\n<p>Principio de Transparencia: En el Tratamiento de Datos Personales se garantiza el derecho del Titular a obtener en cualquier momento y sin restricciones, informaci\u00f3n acerca de la existencia de datos que le conciernan, en un lenguaje sencillo y claro. Igualmente se informar\u00e1 al titular de todos los derechos que le amparan como titular del dato.<\/p>\n<p>Principio de Portabilidad: El titular de los datos podr\u00e1 obtener una copia de los datos personales de manera estructurada en formato de uso com\u00fan.<\/p>\n<p>Principio de Seguridad: Los Datos Personales sujetos a Tratamiento se manejar\u00e1n adoptando todas las medidas de seguridad que sean necesarias para evitar su p\u00e9rdida, adulteraci\u00f3n, consulta, uso o acceso no autorizado o fraudulento.<\/p>\n<p>Confidencialidad: Los empleados, contratistas y proveedores de ORIENTACION PREVEMED DE PANAMA CORP. est\u00e1n obligados a guardar reserva sobre la informaci\u00f3n personal a la que tengan acceso con ocasi\u00f3n de su v\u00ednculo contractual con ORIENTACION PREVEMED DE PANAMA CORP.<\/p>\n<ol start=\"4\">\n<li>TRATAMIENTO DE DATOS PERSONALES<\/li>\n<\/ol>\n<ol>\n<li>ORIENTACION PREVEMED DE PANAMA CORP. actuar\u00e1 como responsable del tratamiento de datos personales de los cuales soy titular y que, conjunta o separadamente podr\u00e1 recolectar, usar y tratar mis datos personales conforme la Pol\u00edtica de Tratamiento de Datos Personales de ORIENTACION PREVEMED DE PANAMA CORP. disponible la p\u00e1gina web de la entidad www.prevemedgroup.com<br><br><\/li>\n<li>Que me ha sido informada la (s) finalidad (es) de la recolecci\u00f3n de los datos personales, la cual consiste en: agendar citas con prestadores de la salud.<br><br><\/li>\n<li>Es de car\u00e1cter facultativo o voluntario responder preguntas que versen sobre Datos Sensibles o sobre menores de edad.<br><br><\/li>\n<li>Mis derechos como titular de los datos son los previstos en la Constituci\u00f3n y la ley, especialmente el derecho a conocer, actualizar, rectificar y suprimir mi informaci\u00f3n personal, as\u00ed como el derecho a revocar el consentimiento otorgado para el tratamiento de datos personales.<br><br><\/li>\n<li>Los derechos pueden ser ejercidos a trav\u00e9s de los canales dispuestos por ORIENTACION PREVEMED DE PANAMA CORP. y observando la Pol\u00edtica de Tratamiento de Datos Personales de ORIENTACION PREVEMED DE PANAMA CORP..<br><br><\/li>\n<li>Mediante la p\u00e1gina web de la entidad (www.prevemedgroup.com) podr\u00e9 radicar cualquier tipo de requerimiento relacionado con el tratamiento de mis datos personales.<br><br><\/li>\n<li>La ORIENTACION PREVEMED DE PANAMA CORP. garantizar\u00e1 la confidencialidad, libertad, seguridad, veracidad, transparencia, acceso y circulaci\u00f3n restringida de mis datos y se reservar\u00e1 el derecho de modificar su Pol\u00edtica de Tratamiento de Datos Personales en cualquier momento. Cualquier cambio ser\u00e1 informado y publicado oportunamente en la p\u00e1gina web.<br><br><\/li>\n<li>Teniendo en cuenta lo anterior, autorizo de manera voluntaria, previa, expl\u00edcita, informada e inequ\u00edvoca a ORIENTACION PREVEMED DE PANAMA CORP. para tratar mis datos personales y de los menores que yo represento de acuerdo con su Pol\u00edtica de Tratamiento de Datos Personales para los fines relacionados con su objeto y en especial para fines legales, contractuales, misionales descritos en la Pol\u00edtica de Tratamiento de Datos Personales de ORIENTACION PREVEMED DE PANAMA CORP.<br><br><\/li>\n<li>Legislaci\u00f3n Aplicable<br>Esta Pol\u00edtica de Protecci\u00f3n de Datos Personales y el formato de autorizaci\u00f3n, se rigen por lo dispuesto en La Constituci\u00f3n de la Rep\u00fablica de Panam\u00e1, Ley 81 del 26 de marzo de 2019 y Decreto Ejecutivo 285 del 28 de mayo de 2021 y dem\u00e1s normas que las modifiquen, deroguen o sustituyen.<br><br><\/li>\n<\/ol>\n<ol start=\"10\">\n<li>Vigencia<br>Esta Pol\u00edtica para el Tratamiento de Datos Personales fue aprobada y est\u00e1 vigente a partir del d\u00eda 13 de marzo de 2024, as\u00ed como sus siguientes modificaciones. Las bases de datos sujetas a tratamiento estar\u00e1n vigentes mientras ello sea necesario para las finalidades se\u00f1aladas en el numeral cuatro (4) de esta pol\u00edtica o por disposici\u00f3n legal.<\/li>\n<\/ol>\t\t\t\t\t\t\t\t<\/div>\n\t\t\t\t<\/div>\n\t\t\t\t\t<\/div>\n\t\t<\/div>\n\t\t\t\t\t<\/div>\n\t\t<\/section>\n\t\t\t\t<\/div>\n\t\t","protected":false},"excerpt":{"rendered":"<p>POLITICA PARA EL TRATAMIENTO DE DATOS PERSONALES Dando cumplimiento a lo se\u00f1alado en la Ley 81 del 26 de marzo de 2019, reglamentada mediante el Decreto Ejecutivo 285 del 28 de mayo de 2021 y dem\u00e1s disposiciones relacionadas, informamos a todos los interesados que esta pol\u00edtica de protecci\u00f3n de datos personales se aplicar\u00e1 a todas &hellip; <\/p>\n<p class=\"link-more\"><a href=\"https:\/\/prevemedgroup.com\/panama\/politica-para-el-tratamiento-de-datos-personales\/\" class=\"more-link\">Seguir leyendo<span class=\"screen-reader-text\"> \u00abPOLITICA PARA EL TRATAMIENTO DE DATOS PERSONALES\u00bb<\/span><\/a><\/p>\n","protected":false},"author":1,"featured_media":0,"parent":0,"menu_order":0,"comment_status":"closed","ping_status":"closed","template":"elementor_header_footer","meta":{"footnotes":""},"class_list":["post-2383","page","type-page","status-publish","hentry","entry"],"_links":{"self":[{"href":"https:\/\/prevemedgroup.com\/panama\/wp-json\/wp\/v2\/pages\/2383","targetHints":{"allow":["GET"]}}],"collection":[{"href":"https:\/\/prevemedgroup.com\/panama\/wp-json\/wp\/v2\/pages"}],"about":[{"href":"https:\/\/prevemedgroup.com\/panama\/wp-json\/wp\/v2\/types\/page"}],"author":[{"embeddable":true,"href":"https:\/\/prevemedgroup.com\/panama\/wp-json\/wp\/v2\/users\/1"}],"replies":[{"embeddable":true,"href":"https:\/\/prevemedgroup.com\/panama\/wp-json\/wp\/v2\/comments?post=2383"}],"version-history":[{"count":15,"href":"https:\/\/prevemedgroup.com\/panama\/wp-json\/wp\/v2\/pages\/2383\/revisions"}],"predecessor-version":[{"id":2410,"href":"https:\/\/prevemedgroup.com\/panama\/wp-json\/wp\/v2\/pages\/2383\/revisions\/2410"}],"wp:attachment":[{"href":"https:\/\/prevemedgroup.com\/panama\/wp-json\/wp\/v2\/media?parent=2383"}],"curies":[{"name":"wp","href":"https:\/\/api.w.org\/{rel}","templated":true}]}}