{"id":170,"date":"2019-08-27T16:41:28","date_gmt":"2019-08-27T14:41:28","guid":{"rendered":"https:\/\/prevemedgroup.com\/colombia\/?page_id=170"},"modified":"2026-04-17T00:18:35","modified_gmt":"2026-04-17T05:18:35","slug":"beneficios-companias","status":"publish","type":"page","link":"https:\/\/prevemedgroup.com\/panama\/beneficios-companias\/","title":{"rendered":"Beneficios compa\u00f1\u00edas"},"content":{"rendered":"<h3>Beneficios para empresas<\/h3>\n<p><strong>Beneficios B2B y B2C<\/strong><br \/>Cuando eres cliente nuestro cumplimos con los principios de CRM, fidelizar, rentabilizar y personalizar.<\/p>\n<p>\t\t\t\t\t\t\t\t\t\t\t\t<img loading=\"lazy\" decoding=\"async\" width=\"60\" height=\"60\" src=\"https:\/\/prevemedgroup.com\/panama\/wp-content\/uploads\/sites\/9\/2021\/05\/icon-01-1.png\" alt=\"\" loading=\"lazy\" \/>\t\t\t\t\t\t\t\t\t\t\t\t\t\t<\/p>\n<p>Incrementar la <br \/>permanencia<br \/>de clientes y empleados.<\/p>\n<p>\t\t\t\t\t\t\t\t\t\t\t\t<img loading=\"lazy\" decoding=\"async\" width=\"60\" height=\"60\" src=\"https:\/\/prevemedgroup.com\/panama\/wp-content\/uploads\/sites\/9\/2021\/05\/icon-02-1.png\" alt=\"\" loading=\"lazy\" \/>\t\t\t\t\t\t\t\t\t\t\t\t\t\t<\/p>\n<p>Mayor retenci\u00f3n<br \/>de clientes y empleados.<\/p>\n<p>\t\t\t\t\t\t\t\t\t\t\t\t<img loading=\"lazy\" decoding=\"async\" width=\"60\" height=\"60\" src=\"https:\/\/prevemedgroup.com\/panama\/wp-content\/uploads\/sites\/9\/2021\/05\/icon-03-2.png\" alt=\"\" loading=\"lazy\" \/>\t\t\t\t\t\t\t\t\t\t\t\t\t\t<\/p>\n<p>Fideliza afiliados<br \/>y familias.<\/p>\n<p>\t\t\t\t\t\t\t\t\t\t\t\t<img loading=\"lazy\" decoding=\"async\" width=\"60\" height=\"60\" src=\"https:\/\/prevemedgroup.com\/panama\/wp-content\/uploads\/sites\/9\/2021\/05\/icon-04-2.png\" alt=\"\" loading=\"lazy\" \/>\t\t\t\t\t\t\t\t\t\t\t\t\t\t<\/p>\n<p>Ingresos no<br \/>operacionales.<\/p>\n<h3>Casos de \u00e9xito<\/h3>\n<figure><img loading=\"lazy\" decoding=\"async\" width=\"450\" height=\"350\" src=\"https:\/\/prevemedgroup.com\/panama\/wp-content\/uploads\/sites\/9\/2021\/05\/img_wom.jpg\" alt=\"\" loading=\"lazy\" srcset=\"https:\/\/prevemedgroup.com\/panama\/wp-content\/uploads\/sites\/9\/2021\/05\/img_wom.jpg 450w, https:\/\/prevemedgroup.com\/panama\/wp-content\/uploads\/sites\/9\/2021\/05\/img_wom-300x233.jpg 300w\" sizes=\"auto, (max-width: 450px) 100vw, 450px\" \/><\/figure>\n<p>Jaime Guti\u00e9rrez<\/p>\n<p>DIRECTOR FINACIERO<br \/>\nLorem ipsum dolor sit amet, consectetur adipiscing elit. Ut elit tellus, luctus nec ullamcorper mattis, pulvinar dapibus leo.<\/p>\n","protected":false},"excerpt":{"rendered":"<p>Beneficios para empresas Beneficios B2B y B2CCuando eres cliente nuestro cumplimos con los principios de CRM, fidelizar, rentabilizar y personalizar. Incrementar la permanenciade clientes y empleados. Mayor retenci\u00f3nde clientes y empleados. Fideliza afiliadosy familias. Ingresos nooperacionales. Casos de \u00e9xito Jaime Guti\u00e9rrez DIRECTOR FINACIERO Lorem ipsum dolor sit amet, consectetur adipiscing elit. Ut elit tellus, luctus &hellip; <\/p>\n<p class=\"link-more\"><a href=\"https:\/\/prevemedgroup.com\/panama\/beneficios-companias\/\" class=\"more-link\">Seguir leyendo<span class=\"screen-reader-text\"> \u00abBeneficios compa\u00f1\u00edas\u00bb<\/span><\/a><\/p>\n","protected":false},"author":1,"featured_media":0,"parent":0,"menu_order":0,"comment_status":"closed","ping_status":"closed","template":"elementor_header_footer","meta":{"footnotes":""},"class_list":["post-170","page","type-page","status-publish","hentry","entry"],"_links":{"self":[{"href":"https:\/\/prevemedgroup.com\/panama\/wp-json\/wp\/v2\/pages\/170","targetHints":{"allow":["GET"]}}],"collection":[{"href":"https:\/\/prevemedgroup.com\/panama\/wp-json\/wp\/v2\/pages"}],"about":[{"href":"https:\/\/prevemedgroup.com\/panama\/wp-json\/wp\/v2\/types\/page"}],"author":[{"embeddable":true,"href":"https:\/\/prevemedgroup.com\/panama\/wp-json\/wp\/v2\/users\/1"}],"replies":[{"embeddable":true,"href":"https:\/\/prevemedgroup.com\/panama\/wp-json\/wp\/v2\/comments?post=170"}],"version-history":[{"count":81,"href":"https:\/\/prevemedgroup.com\/panama\/wp-json\/wp\/v2\/pages\/170\/revisions"}],"predecessor-version":[{"id":2180,"href":"https:\/\/prevemedgroup.com\/panama\/wp-json\/wp\/v2\/pages\/170\/revisions\/2180"}],"wp:attachment":[{"href":"https:\/\/prevemedgroup.com\/panama\/wp-json\/wp\/v2\/media?parent=170"}],"curies":[{"name":"wp","href":"https:\/\/api.w.org\/{rel}","templated":true}]}}