{"id":141,"date":"2019-08-27T16:33:18","date_gmt":"2019-08-27T14:33:18","guid":{"rendered":"https:\/\/prevemedgroup.com\/colombia\/?page_id=141"},"modified":"2026-04-17T11:06:58","modified_gmt":"2026-04-17T16:06:58","slug":"home","status":"publish","type":"page","link":"https:\/\/prevemedgroup.com\/panama\/","title":{"rendered":"Home"},"content":{"rendered":"<p>Accede a nuestros beneficios desde $16 a $60<\/p>\n<h3>Coordinamos tus citas y ex\u00e1menes m\u00e9dicos en menos de 72 horas con nuestra red de aliados certificados a nivel nacional con los mejores descuentos<\/h3>\n<p>\u00a1Nuestro equipo lo hace por ti!<\/p>\n<figure><img decoding=\"async\" src=\"https:\/\/prevemedgroup.com\/panama\/wp-content\/uploads\/sites\/9\/elementor\/thumbs\/Carencias-q5qiexxw5and9zc0plzslrivp19b0ufg6j21cs9yes.png\" title=\"Carencias\" alt=\"Carencias\" \/><\/figure>\n<p>Sin carencias<\/p>\n<figure><img decoding=\"async\" src=\"https:\/\/prevemedgroup.com\/panama\/wp-content\/uploads\/sites\/9\/elementor\/thumbs\/edad-q5qiexxw33pjp2xbzny8hykyn61q399nvxts1pr3eq.png\" title=\"edad\" alt=\"edad\" \/><\/figure>\n<p>Sin l\u00edmite de edad<\/p>\n<figure><img decoding=\"async\" src=\"https:\/\/prevemedgroup.com\/colombia\/wp-content\/uploads\/sites\/3\/2024\/02\/infinity_3914708.svg\" title=\"\" alt=\"\" \/><\/figure>\n<p>Sin l\u00edmite de consultas<\/p>\n<figure><img decoding=\"async\" src=\"https:\/\/prevemedgroup.com\/panama\/wp-content\/uploads\/sites\/9\/elementor\/thumbs\/califican-q5qiexxw33pjp2xbzny8hykyn61q399nvxts1pr3eq.png\" title=\"califican\" alt=\"califican\" \/><\/figure>\n<p>Uso Inmediato<\/p>\n<h4>Servicios<\/h4>\n<figure><img loading=\"lazy\" decoding=\"async\" width=\"88\" height=\"89\" src=\"https:\/\/prevemedgroup.com\/panama\/wp-content\/uploads\/sites\/9\/2021\/08\/doctor1.png\" alt=\"\" loading=\"lazy\" \/><\/figure>\n<p>M\u00e9dicos<br \/>Especialistas<\/p>\n<figure><img loading=\"lazy\" decoding=\"async\" width=\"59\" height=\"82\" src=\"https:\/\/prevemedgroup.com\/panama\/wp-content\/uploads\/sites\/9\/2021\/08\/laboratorio.png\" alt=\"\" loading=\"lazy\" \/><\/figure>\n<p>Laboratorio<br \/>e imagen<\/p>\n<figure><img loading=\"lazy\" decoding=\"async\" width=\"84\" height=\"92\" src=\"https:\/\/prevemedgroup.com\/panama\/wp-content\/uploads\/sites\/9\/2021\/08\/dentista.png\" alt=\"\" loading=\"lazy\" \/><\/figure>\n<p>Odontolog\u00eda<\/p>\n<figure><img loading=\"lazy\" decoding=\"async\" width=\"150\" height=\"150\" src=\"https:\/\/prevemedgroup.com\/panama\/wp-content\/uploads\/sites\/9\/2021\/07\/Bienestarysalud.png\" alt=\"\" loading=\"lazy\" \/><\/figure>\n<p>Bienestar<br \/>y Salud<\/p>\n<h6><a href=\"https:\/\/prevemedgroup.com\/ecuador\/especialidades\/\">Ver m\u00e1s<\/a><\/h6>\n<p>\t\t\t\t\t\t\t\t\t\t\t\t<img loading=\"lazy\" decoding=\"async\" width=\"503\" height=\"503\" src=\"https:\/\/prevemedgroup.com\/panama\/wp-content\/uploads\/sites\/9\/2021\/05\/como-funciona.jpg\" alt=\"\" loading=\"lazy\" srcset=\"https:\/\/prevemedgroup.com\/panama\/wp-content\/uploads\/sites\/9\/2021\/05\/como-funciona.jpg 503w, https:\/\/prevemedgroup.com\/panama\/wp-content\/uploads\/sites\/9\/2021\/05\/como-funciona-300x300.jpg 300w, https:\/\/prevemedgroup.com\/panama\/wp-content\/uploads\/sites\/9\/2021\/05\/como-funciona-150x150.jpg 150w\" sizes=\"auto, (max-width: 503px) 100vw, 503px\" \/>\t\t\t\t\t\t\t\t\t\t\t\t\t\t<\/p>\n<h3>\u00bfC\u00f3mo funciona el servicio?<\/h3>\n<p>\t\t\t1\t\t<\/p>\n<p>Necesitas ayuda m\u00e9dica o quieres cuidar <br \/>tu bienestar personal en menos de 72 horas?<\/p>\n<p style=\"text-align: right;\">Llama al 310 0122<\/p>\n<p>\t\t\t2<br \/>\n\t\t\t3\t\t<\/p>\n<p>Agenda una cita m\u00e9dica en el prestador que desees<\/p>\n<p style=\"text-align: right;\">Accede a tu consulta o examen m\u00e9dico<\/p>\n<p>\t\t\t4<br \/>\n\t\t\t5\t\t<\/p>\n<p>Paga un precio con descuento por tu atenci\u00f3n<\/p>\n<h3>Beneficios para clientes<\/h3>\n<p>Estamos cerca de usted, contamos con una extensa, variedad y experimentada red con profesionales,<br \/>especialistas y centros m\u00e9dicos brindando orientaci\u00f3n en m\u00e1s de 8 ciudades de Panam\u00e1.<\/p>\n<figure><img loading=\"lazy\" decoding=\"async\" width=\"60\" height=\"60\" src=\"https:\/\/prevemedgroup.com\/panama\/wp-content\/uploads\/sites\/9\/2019\/08\/Atenci\u00f3n-inmediata.png\" alt=\"\" loading=\"lazy\" \/><\/figure>\n<p>Ahorro de tiempo y dinero<\/p>\n<p>Precios preferenciales<\/p>\n<figure><img loading=\"lazy\" decoding=\"async\" width=\"60\" height=\"60\" src=\"https:\/\/prevemedgroup.com\/panama\/wp-content\/uploads\/sites\/9\/2019\/08\/Plan-de-afiliaci\u00f3n.png\" alt=\"\" loading=\"lazy\" \/><\/figure>\n<p>Todos califican<\/p>\n<p>Sin restricciones<br \/>ni preexistencias<\/p>\n<figure><img loading=\"lazy\" decoding=\"async\" width=\"60\" height=\"60\" src=\"https:\/\/prevemedgroup.com\/panama\/wp-content\/uploads\/sites\/9\/2019\/08\/sinlimitedeedad.png\" alt=\"\" loading=\"lazy\" \/><\/figure>\n<p>Sin l\u00edmite de edad<\/p>\n<p>De 0 a 99 a\u00f1os para<br \/>obtener los servicios<\/p>\n<figure><img loading=\"lazy\" decoding=\"async\" width=\"60\" height=\"60\" src=\"https:\/\/prevemedgroup.com\/panama\/wp-content\/uploads\/sites\/9\/2019\/08\/icono.png\" alt=\"\" loading=\"lazy\" \/><\/figure>\n<p>Sin per\u00edodos de carencia<\/p>\n<p>Atendemos sus requerimientos sin tiempos de espera<\/p>\n<figure><img loading=\"lazy\" decoding=\"async\" width=\"60\" height=\"60\" src=\"https:\/\/prevemedgroup.com\/panama\/wp-content\/uploads\/sites\/9\/2019\/08\/Sin-limite-de-uso.png\" alt=\"\" loading=\"lazy\" \/><\/figure>\n<p>De uso ilimitado<\/p>\n<p>Sin limites de uso<br \/>del servicio<\/p>\n<p style=\"text-align: center;\"><strong>TODOS CALIFICAN<\/strong><\/p>\n<h3>Beneficios Prevemed<br \/>para empresas<\/h3>\n<figure>\n\t\t\t\t\t\t\t\t\t\t<img loading=\"lazy\" decoding=\"async\" width=\"77\" height=\"89\" src=\"https:\/\/prevemedgroup.com\/panama\/wp-content\/uploads\/sites\/9\/2021\/08\/sin-limite.png\" alt=\"\" loading=\"lazy\" \/><figcaption>Sin l\u00edmites de edad<\/figcaption><\/figure>\n<figure>\n\t\t\t\t\t\t\t\t\t\t<img loading=\"lazy\" decoding=\"async\" width=\"89\" height=\"89\" src=\"https:\/\/prevemedgroup.com\/panama\/wp-content\/uploads\/sites\/9\/2021\/08\/sinperiodos.png\" alt=\"\" loading=\"lazy\" \/><figcaption>Sin periodos de carencia<\/figcaption><\/figure>\n<figure>\n\t\t\t\t\t\t\t\t\t\t<img loading=\"lazy\" decoding=\"async\" width=\"87\" height=\"87\" src=\"https:\/\/prevemedgroup.com\/panama\/wp-content\/uploads\/sites\/9\/2021\/08\/tiempo.png\" alt=\"\" loading=\"lazy\" \/><figcaption>Sin l\u00edmites<br \/>de usos<\/figcaption><\/figure>\n<figure>\n\t\t\t\t\t\t\t\t\t\t<img loading=\"lazy\" decoding=\"async\" width=\"90\" height=\"90\" src=\"https:\/\/prevemedgroup.com\/panama\/wp-content\/uploads\/sites\/9\/2021\/08\/limite.png\" alt=\"\" loading=\"lazy\" \/><figcaption>Enfermedades<br \/>preexistentes<\/figcaption><\/figure>\n<figure>\n\t\t\t\t\t\t\t\t\t\t<img loading=\"lazy\" decoding=\"async\" width=\"88\" height=\"88\" src=\"https:\/\/prevemedgroup.com\/panama\/wp-content\/uploads\/sites\/9\/2021\/08\/72.png\" alt=\"\" loading=\"lazy\" \/><figcaption>Citas en <br \/>72 horas<\/figcaption><\/figure>\n<p>\t\t\t\t\t\t\t\t\t\t\t\t<img loading=\"lazy\" decoding=\"async\" width=\"209\" height=\"77\" src=\"https:\/\/prevemedgroup.com\/panama\/wp-content\/uploads\/sites\/9\/2019\/08\/logo-prevemed-footer.png\" alt=\"\" loading=\"lazy\" \/>\t\t\t\t\t\t\t\t\t\t\t\t\t\t<\/p>\n<h5>Agendamos citas m\u00e1ximo en 72 horas.<\/h5>\n<p>\t\t\t\t\t\t\t\t\t\t\t\t\t<a href=\"https:\/\/wa.link\/f03bck\" target=\"_blank\" rel=\"noopener\"><br \/>\n\t\t\t\t\t\t\t<img loading=\"lazy\" decoding=\"async\" width=\"65\" height=\"64\" src=\"https:\/\/prevemedgroup.com\/panama\/wp-content\/uploads\/sites\/9\/2021\/05\/WhatsApp.png\" alt=\"\" loading=\"lazy\" \/>\t\t\t\t\t\t\t\t<\/a><br \/>\n\t\t\t\t\t\t\t\t\t\t\t\t\t<a href=\"mailto:vanesa.vilera@prevemedgroup.com\" target=\"_blank\" rel=\"noopener\"><br \/>\n\t\t\t\t\t\t\t<img loading=\"lazy\" decoding=\"async\" width=\"70\" height=\"45\" src=\"https:\/\/prevemedgroup.com\/panama\/wp-content\/uploads\/sites\/9\/2021\/05\/mail.png\" alt=\"\" loading=\"lazy\" \/>\t\t\t\t\t\t\t\t<\/a><br \/>\n\t\t\t\t\t\t\t\t\t\t\t\t\t<a href=\"tel:+5073100122\"><br \/>\n\t\t\t\t\t\t\t<img loading=\"lazy\" decoding=\"async\" width=\"70\" height=\"69\" src=\"https:\/\/prevemedgroup.com\/panama\/wp-content\/uploads\/sites\/9\/2021\/05\/llamamos.png\" alt=\"\" loading=\"lazy\" \/>\t\t\t\t\t\t\t\t<\/a><br \/>\n\t\t\t\t\t\t\t\t\t\t\t\t<img loading=\"lazy\" decoding=\"async\" width=\"762\" height=\"459\" src=\"https:\/\/prevemedgroup.com\/panama\/wp-content\/uploads\/sites\/9\/2021\/08\/Que-hablen-los-numeros-PANAMA-V3.jpg\" alt=\"\" loading=\"lazy\" srcset=\"https:\/\/prevemedgroup.com\/panama\/wp-content\/uploads\/sites\/9\/2021\/08\/Que-hablen-los-numeros-PANAMA-V3.jpg 762w, https:\/\/prevemedgroup.com\/panama\/wp-content\/uploads\/sites\/9\/2021\/08\/Que-hablen-los-numeros-PANAMA-V3-300x181.jpg 300w\" sizes=\"auto, (max-width: 762px) 100vw, 762px\" \/><\/p>\n","protected":false},"excerpt":{"rendered":"<p>Accede a nuestros beneficios desde $16 a $60 Coordinamos tus citas y ex\u00e1menes m\u00e9dicos en menos de 72 horas con nuestra red de aliados certificados a nivel nacional con los mejores descuentos \u00a1Nuestro equipo lo hace por ti! Sin carencias Sin l\u00edmite de edad Sin l\u00edmite de consultas Uso Inmediato Servicios M\u00e9dicosEspecialistas Laboratorioe imagen Odontolog\u00eda &hellip; <\/p>\n<p class=\"link-more\"><a href=\"https:\/\/prevemedgroup.com\/panama\/\" class=\"more-link\">Seguir leyendo<span class=\"screen-reader-text\"> \u00abHome\u00bb<\/span><\/a><\/p>\n","protected":false},"author":1,"featured_media":0,"parent":0,"menu_order":0,"comment_status":"closed","ping_status":"closed","template":"elementor_header_footer","meta":{"footnotes":""},"class_list":["post-141","page","type-page","status-publish","hentry","entry"],"_links":{"self":[{"href":"https:\/\/prevemedgroup.com\/panama\/wp-json\/wp\/v2\/pages\/141","targetHints":{"allow":["GET"]}}],"collection":[{"href":"https:\/\/prevemedgroup.com\/panama\/wp-json\/wp\/v2\/pages"}],"about":[{"href":"https:\/\/prevemedgroup.com\/panama\/wp-json\/wp\/v2\/types\/page"}],"author":[{"embeddable":true,"href":"https:\/\/prevemedgroup.com\/panama\/wp-json\/wp\/v2\/users\/1"}],"replies":[{"embeddable":true,"href":"https:\/\/prevemedgroup.com\/panama\/wp-json\/wp\/v2\/comments?post=141"}],"version-history":[{"count":580,"href":"https:\/\/prevemedgroup.com\/panama\/wp-json\/wp\/v2\/pages\/141\/revisions"}],"predecessor-version":[{"id":2440,"href":"https:\/\/prevemedgroup.com\/panama\/wp-json\/wp\/v2\/pages\/141\/revisions\/2440"}],"wp:attachment":[{"href":"https:\/\/prevemedgroup.com\/panama\/wp-json\/wp\/v2\/media?parent=141"}],"curies":[{"name":"wp","href":"https:\/\/api.w.org\/{rel}","templated":true}]}}