{"id":166,"date":"2019-08-27T16:40:33","date_gmt":"2019-08-27T14:40:33","guid":{"rendered":"https:\/\/prevemedgroup.com\/colombia\/?page_id=166"},"modified":"2021-09-01T14:42:23","modified_gmt":"2021-09-01T19:42:23","slug":"servicios","status":"publish","type":"page","link":"https:\/\/prevemedgroup.com\/ecuador\/servicios\/","title":{"rendered":"Servicios"},"content":{"rendered":"\t\t<div data-elementor-type=\"wp-post\" data-elementor-id=\"166\" class=\"elementor elementor-166\">\n\t\t\t\t\t\t<section class=\"elementor-section elementor-top-section elementor-element elementor-element-16f8e8a elementor-section-stretched elementor-section-full_width elementor-section-height-default elementor-section-height-default\" data-id=\"16f8e8a\" data-element_type=\"section\" data-e-type=\"section\" data-settings=\"{&quot;stretch_section&quot;:&quot;section-stretched&quot;,&quot;background_background&quot;:&quot;classic&quot;}\">\n\t\t\t\t\t\t<div class=\"elementor-container elementor-column-gap-no\">\n\t\t\t\t\t<div class=\"elementor-column elementor-col-100 elementor-top-column elementor-element elementor-element-4f35997f\" data-id=\"4f35997f\" data-element_type=\"column\" data-e-type=\"column\">\n\t\t\t<div class=\"elementor-widget-wrap elementor-element-populated\">\n\t\t\t\t\t\t<div class=\"elementor-element elementor-element-cd428a4 elementor-widget elementor-widget-heading\" data-id=\"cd428a4\" data-element_type=\"widget\" data-e-type=\"widget\" data-widget_type=\"heading.default\">\n\t\t\t\t<div class=\"elementor-widget-container\">\n\t\t\t\t\t<h3 class=\"elementor-heading-title elementor-size-xxl\">Servicios<\/h3>\t\t\t\t<\/div>\n\t\t\t\t<\/div>\n\t\t\t\t<div class=\"elementor-element elementor-element-a6aa33a elementor-widget elementor-widget-text-editor\" data-id=\"a6aa33a\" data-element_type=\"widget\" data-e-type=\"widget\" data-widget_type=\"text-editor.default\">\n\t\t\t\t<div class=\"elementor-widget-container\">\n\t\t\t\t\t\t\t\t\t<p>Nuestra experiencia y conocimiento nos permite ofrecer la Red m\u00e9dica de prestadores lideres<br \/>a nivel nacional e internacional m\u00e1s completa cumpliendo con altos est\u00e1ndares de atenci\u00f3n y servicio.<\/p>\t\t\t\t\t\t\t\t<\/div>\n\t\t\t\t<\/div>\n\t\t\t\t\t<\/div>\n\t\t<\/div>\n\t\t\t\t\t<\/div>\n\t\t<\/section>\n\t\t\t\t<section class=\"elementor-section elementor-top-section elementor-element elementor-element-2c238a1c elementor-section-stretched elementor-section-full_width elementor-section-height-default elementor-section-height-default\" data-id=\"2c238a1c\" data-element_type=\"section\" data-e-type=\"section\" data-settings=\"{&quot;stretch_section&quot;:&quot;section-stretched&quot;}\">\n\t\t\t\t\t\t<div class=\"elementor-container elementor-column-gap-default\">\n\t\t\t\t\t<div class=\"elementor-column elementor-col-33 elementor-top-column elementor-element elementor-element-66651948\" data-id=\"66651948\" data-element_type=\"column\" data-e-type=\"column\">\n\t\t\t<div class=\"elementor-widget-wrap elementor-element-populated\">\n\t\t\t\t\t\t<div class=\"elementor-element elementor-element-3c8a50c elementor-position-top elementor-widget elementor-widget-image-box\" data-id=\"3c8a50c\" data-element_type=\"widget\" data-e-type=\"widget\" data-widget_type=\"image-box.default\">\n\t\t\t\t<div class=\"elementor-widget-container\">\n\t\t\t\t\t<div class=\"elementor-image-box-wrapper\"><figure class=\"elementor-image-box-img\"><img decoding=\"async\" width=\"150\" height=\"150\" src=\"https:\/\/prevemedgroup.com\/ecuador\/wp-content\/uploads\/sites\/13\/2021\/07\/citas.png\" class=\"attachment-full size-full wp-image-1692\" alt=\"\" \/><\/figure><div class=\"elementor-image-box-content\"><h3 class=\"elementor-image-box-title\">Citas m\u00e9dicas<\/h3><p class=\"elementor-image-box-description\">19 Especialistas<\/p><\/div><\/div>\t\t\t\t<\/div>\n\t\t\t\t<\/div>\n\t\t\t\t\t<\/div>\n\t\t<\/div>\n\t\t\t\t<div class=\"elementor-column elementor-col-33 elementor-top-column elementor-element elementor-element-37177cee\" data-id=\"37177cee\" data-element_type=\"column\" data-e-type=\"column\">\n\t\t\t<div class=\"elementor-widget-wrap elementor-element-populated\">\n\t\t\t\t\t\t<div class=\"elementor-element elementor-element-ccffe4f elementor-position-top elementor-widget elementor-widget-image-box\" data-id=\"ccffe4f\" data-element_type=\"widget\" data-e-type=\"widget\" data-widget_type=\"image-box.default\">\n\t\t\t\t<div class=\"elementor-widget-container\">\n\t\t\t\t\t<div class=\"elementor-image-box-wrapper\"><figure class=\"elementor-image-box-img\"><img decoding=\"async\" width=\"150\" height=\"150\" src=\"https:\/\/prevemedgroup.com\/ecuador\/wp-content\/uploads\/sites\/13\/2021\/07\/laboratorio-1.png\" class=\"attachment-full size-full wp-image-1689\" alt=\"\" \/><\/figure><div class=\"elementor-image-box-content\"><h3 class=\"elementor-image-box-title\">Ex\u00e1menes de laboratorio<\/h3><p class=\"elementor-image-box-description\">Diagn\u00f3sticos y<br>Complementarios<\/p><\/div><\/div>\t\t\t\t<\/div>\n\t\t\t\t<\/div>\n\t\t\t\t\t<\/div>\n\t\t<\/div>\n\t\t\t\t<div class=\"elementor-column elementor-col-33 elementor-top-column elementor-element elementor-element-65957389\" data-id=\"65957389\" data-element_type=\"column\" data-e-type=\"column\">\n\t\t\t<div class=\"elementor-widget-wrap elementor-element-populated\">\n\t\t\t\t\t\t<div class=\"elementor-element elementor-element-5fd13d1 elementor-position-top elementor-widget elementor-widget-image-box\" data-id=\"5fd13d1\" data-element_type=\"widget\" data-e-type=\"widget\" data-widget_type=\"image-box.default\">\n\t\t\t\t<div class=\"elementor-widget-container\">\n\t\t\t\t\t<div class=\"elementor-image-box-wrapper\"><figure class=\"elementor-image-box-img\"><img decoding=\"async\" width=\"150\" height=\"150\" src=\"https:\/\/prevemedgroup.com\/ecuador\/wp-content\/uploads\/sites\/13\/2021\/07\/domicilio.png\" class=\"attachment-full size-full wp-image-1693\" alt=\"\" \/><\/figure><div class=\"elementor-image-box-content\"><h3 class=\"elementor-image-box-title\">M\u00e9dico a domicilio<\/h3><p class=\"elementor-image-box-description\">Ciudades con cobertura\nseg\u00fan su ubicaci\u00f3n: Servicio de m\u00e9dico a domicilio presencial en las ciudades principales \n(Quito, Guayaquil y Cuenca).<\/p><\/div><\/div>\t\t\t\t<\/div>\n\t\t\t\t<\/div>\n\t\t\t\t\t<\/div>\n\t\t<\/div>\n\t\t\t\t\t<\/div>\n\t\t<\/section>\n\t\t\t\t<section class=\"elementor-section elementor-top-section elementor-element elementor-element-c97fa72 elementor-section-stretched elementor-section-full_width elementor-section-height-default elementor-section-height-default\" data-id=\"c97fa72\" data-element_type=\"section\" data-e-type=\"section\" data-settings=\"{&quot;stretch_section&quot;:&quot;section-stretched&quot;}\">\n\t\t\t\t\t\t<div class=\"elementor-container elementor-column-gap-default\">\n\t\t\t\t\t<div class=\"elementor-column elementor-col-33 elementor-top-column elementor-element elementor-element-d03d718\" data-id=\"d03d718\" data-element_type=\"column\" data-e-type=\"column\">\n\t\t\t<div class=\"elementor-widget-wrap elementor-element-populated\">\n\t\t\t\t\t\t<div class=\"elementor-element elementor-element-caa6bf8 elementor-position-top elementor-widget elementor-widget-image-box\" data-id=\"caa6bf8\" data-element_type=\"widget\" data-e-type=\"widget\" data-widget_type=\"image-box.default\">\n\t\t\t\t<div class=\"elementor-widget-container\">\n\t\t\t\t\t<div class=\"elementor-image-box-wrapper\"><figure class=\"elementor-image-box-img\"><img loading=\"lazy\" decoding=\"async\" width=\"150\" height=\"150\" src=\"https:\/\/prevemedgroup.com\/ecuador\/wp-content\/uploads\/sites\/13\/2021\/07\/odontologia-1.png\" class=\"attachment-full size-full wp-image-1690\" alt=\"\" \/><\/figure><div class=\"elementor-image-box-content\"><h3 class=\"elementor-image-box-title\">Odontolog\u00eda<\/h3><p class=\"elementor-image-box-description\">Red de prestadores a nivel nacional, sin restricciones<\/p><\/div><\/div>\t\t\t\t<\/div>\n\t\t\t\t<\/div>\n\t\t\t\t\t<\/div>\n\t\t<\/div>\n\t\t\t\t<div class=\"elementor-column elementor-col-33 elementor-top-column elementor-element elementor-element-2e6b275\" data-id=\"2e6b275\" data-element_type=\"column\" data-e-type=\"column\">\n\t\t\t<div class=\"elementor-widget-wrap elementor-element-populated\">\n\t\t\t\t\t\t<div class=\"elementor-element elementor-element-035ffc8 elementor-position-top elementor-widget elementor-widget-image-box\" data-id=\"035ffc8\" data-element_type=\"widget\" data-e-type=\"widget\" data-widget_type=\"image-box.default\">\n\t\t\t\t<div class=\"elementor-widget-container\">\n\t\t\t\t\t<div class=\"elementor-image-box-wrapper\"><figure class=\"elementor-image-box-img\"><img loading=\"lazy\" decoding=\"async\" width=\"150\" height=\"150\" src=\"https:\/\/prevemedgroup.com\/ecuador\/wp-content\/uploads\/sites\/13\/2021\/07\/teleorientacion-1.png\" class=\"attachment-full size-full wp-image-1956\" alt=\"\" \/><\/figure><div class=\"elementor-image-box-content\"><h3 class=\"elementor-image-box-title\">Asistencia m\u00e9dica virtual<\/h3><p class=\"elementor-image-box-description\">Consejer\u00eda y asesor\u00eda\npara estar m\u00e1s cerca a ti y tu familia a trav\u00e9s de nuestras l\u00ednea telef\u00f3nicas. <\/p><\/div><\/div>\t\t\t\t<\/div>\n\t\t\t\t<\/div>\n\t\t\t\t\t<\/div>\n\t\t<\/div>\n\t\t\t\t<div class=\"elementor-column elementor-col-33 elementor-top-column elementor-element elementor-element-6a90f07\" data-id=\"6a90f07\" data-element_type=\"column\" data-e-type=\"column\">\n\t\t\t<div class=\"elementor-widget-wrap elementor-element-populated\">\n\t\t\t\t\t\t<div class=\"elementor-element elementor-element-5ff6d50 elementor-position-top elementor-widget elementor-widget-image-box\" data-id=\"5ff6d50\" data-element_type=\"widget\" data-e-type=\"widget\" data-widget_type=\"image-box.default\">\n\t\t\t\t<div class=\"elementor-widget-container\">\n\t\t\t\t\t<div class=\"elementor-image-box-wrapper\"><figure class=\"elementor-image-box-img\"><img loading=\"lazy\" decoding=\"async\" width=\"150\" height=\"150\" src=\"https:\/\/prevemedgroup.com\/ecuador\/wp-content\/uploads\/sites\/13\/2021\/07\/Salud_Bienestar.png\" class=\"attachment-full size-full wp-image-1955\" alt=\"\" \/><\/figure><div class=\"elementor-image-box-content\"><h3 class=\"elementor-image-box-title\">Bienestar y salud<\/h3><p class=\"elementor-image-box-description\">Equilibrio saludable entre \nlos niveles mental, f\u00edsico y emocional<\/p><\/div><\/div>\t\t\t\t<\/div>\n\t\t\t\t<\/div>\n\t\t\t\t\t<\/div>\n\t\t<\/div>\n\t\t\t\t\t<\/div>\n\t\t<\/section>\n\t\t\t\t<\/div>\n\t\t","protected":false},"excerpt":{"rendered":"<p>Servicios Nuestra experiencia y conocimiento nos permite ofrecer la Red m\u00e9dica de prestadores lideresa nivel nacional e internacional m\u00e1s completa cumpliendo con altos est\u00e1ndares de atenci\u00f3n y servicio. Citas m\u00e9dicas 19 Especialistas Ex\u00e1menes de laboratorio Diagn\u00f3sticos yComplementarios M\u00e9dico a domicilio Ciudades con cobertura seg\u00fan su ubicaci\u00f3n: Servicio de m\u00e9dico a domicilio presencial en las ciudades &hellip; <\/p>\n<p class=\"link-more\"><a href=\"https:\/\/prevemedgroup.com\/ecuador\/servicios\/\" class=\"more-link\">Seguir leyendo<span class=\"screen-reader-text\"> \u00abServicios\u00bb<\/span><\/a><\/p>\n","protected":false},"author":1,"featured_media":0,"parent":0,"menu_order":0,"comment_status":"closed","ping_status":"closed","template":"elementor_header_footer","meta":{"footnotes":""},"class_list":["post-166","page","type-page","status-publish","hentry","entry"],"_links":{"self":[{"href":"https:\/\/prevemedgroup.com\/ecuador\/wp-json\/wp\/v2\/pages\/166","targetHints":{"allow":["GET"]}}],"collection":[{"href":"https:\/\/prevemedgroup.com\/ecuador\/wp-json\/wp\/v2\/pages"}],"about":[{"href":"https:\/\/prevemedgroup.com\/ecuador\/wp-json\/wp\/v2\/types\/page"}],"author":[{"embeddable":true,"href":"https:\/\/prevemedgroup.com\/ecuador\/wp-json\/wp\/v2\/users\/1"}],"replies":[{"embeddable":true,"href":"https:\/\/prevemedgroup.com\/ecuador\/wp-json\/wp\/v2\/comments?post=166"}],"version-history":[{"count":136,"href":"https:\/\/prevemedgroup.com\/ecuador\/wp-json\/wp\/v2\/pages\/166\/revisions"}],"predecessor-version":[{"id":2168,"href":"https:\/\/prevemedgroup.com\/ecuador\/wp-json\/wp\/v2\/pages\/166\/revisions\/2168"}],"wp:attachment":[{"href":"https:\/\/prevemedgroup.com\/ecuador\/wp-json\/wp\/v2\/media?parent=166"}],"curies":[{"name":"wp","href":"https:\/\/api.w.org\/{rel}","templated":true}]}}