{"id":2335,"date":"2024-10-10T21:13:50","date_gmt":"2024-10-11T02:13:50","guid":{"rendered":"https:\/\/prevemedgroup.com\/colombia\/?page_id=2335"},"modified":"2024-10-10T21:19:00","modified_gmt":"2024-10-11T02:19:00","slug":"politica-de-datos-personales","status":"publish","type":"page","link":"https:\/\/prevemedgroup.com\/colombia\/politica-de-datos-personales\/","title":{"rendered":"POLITICA PARA EL TRATAMIENTO DE DATOS PERSONALES"},"content":{"rendered":"\t\t<div data-elementor-type=\"wp-post\" data-elementor-id=\"2335\" class=\"elementor elementor-2335\">\n\t\t\t\t\t\t<section class=\"elementor-section elementor-top-section elementor-element elementor-element-70ca9a3b elementor-section-stretched elementor-section-full_width elementor-section-height-default elementor-section-height-default\" data-id=\"70ca9a3b\" data-element_type=\"section\" data-e-type=\"section\" data-settings=\"{&quot;stretch_section&quot;:&quot;section-stretched&quot;}\">\n\t\t\t\t\t\t<div class=\"elementor-container elementor-column-gap-default\">\n\t\t\t\t\t<div class=\"elementor-column elementor-col-100 elementor-top-column elementor-element elementor-element-5868d286\" data-id=\"5868d286\" data-element_type=\"column\" data-e-type=\"column\">\n\t\t\t<div class=\"elementor-widget-wrap elementor-element-populated\">\n\t\t\t\t\t\t<div class=\"elementor-element elementor-element-51a5128c elementor-widget elementor-widget-spacer\" data-id=\"51a5128c\" data-element_type=\"widget\" data-e-type=\"widget\" data-widget_type=\"spacer.default\">\n\t\t\t\t<div class=\"elementor-widget-container\">\n\t\t\t\t\t\t\t<div class=\"elementor-spacer\">\n\t\t\t<div class=\"elementor-spacer-inner\"><\/div>\n\t\t<\/div>\n\t\t\t\t\t\t<\/div>\n\t\t\t\t<\/div>\n\t\t\t\t\t<\/div>\n\t\t<\/div>\n\t\t\t\t\t<\/div>\n\t\t<\/section>\n\t\t\t\t<section class=\"elementor-section elementor-top-section elementor-element elementor-element-3133754f elementor-section-boxed elementor-section-height-default elementor-section-height-default\" data-id=\"3133754f\" data-element_type=\"section\" data-e-type=\"section\">\n\t\t\t\t\t\t<div class=\"elementor-container elementor-column-gap-default\">\n\t\t\t\t\t<div class=\"elementor-column elementor-col-100 elementor-top-column elementor-element elementor-element-62d3a62\" data-id=\"62d3a62\" data-element_type=\"column\" data-e-type=\"column\">\n\t\t\t<div class=\"elementor-widget-wrap elementor-element-populated\">\n\t\t\t\t\t\t<div class=\"elementor-element elementor-element-600877b8 elementor-widget elementor-widget-heading\" data-id=\"600877b8\" data-element_type=\"widget\" data-e-type=\"widget\" data-widget_type=\"heading.default\">\n\t\t\t\t<div class=\"elementor-widget-container\">\n\t\t\t\t\t<h3 class=\"elementor-heading-title elementor-size-default\">POLITICA PARA EL TRATAMIENTO DE DATOS PERSONALES<\/h3>\t\t\t\t<\/div>\n\t\t\t\t<\/div>\n\t\t\t\t<div class=\"elementor-element elementor-element-278957ec elementor-widget-divider--view-line elementor-widget elementor-widget-divider\" data-id=\"278957ec\" data-element_type=\"widget\" data-e-type=\"widget\" data-widget_type=\"divider.default\">\n\t\t\t\t<div class=\"elementor-widget-container\">\n\t\t\t\t\t\t\t<div class=\"elementor-divider\">\n\t\t\t<span class=\"elementor-divider-separator\">\n\t\t\t\t\t\t<\/span>\n\t\t<\/div>\n\t\t\t\t\t\t<\/div>\n\t\t\t\t<\/div>\n\t\t\t\t<div class=\"elementor-element elementor-element-648488bf elementor-widget elementor-widget-text-editor\" data-id=\"648488bf\" data-element_type=\"widget\" data-e-type=\"widget\" data-widget_type=\"text-editor.default\">\n\t\t\t\t<div class=\"elementor-widget-container\">\n\t\t\t\t\t\t\t\t\t<p>Dando cumplimiento a lo se\u00f1alado en la Ley Estatutaria 1581 de 2012, su Decreto Reglamentario 1377 de 2013, el Decreto \u00danico 1074 de 2015, y dem\u00e1s disposiciones relacionadas, informamos a todos los interesados que esta pol\u00edtica de protecci\u00f3n de datos personales se aplicar\u00e1 a todas las bases de datos en cualquier estado que se encuentren, contengan datos personales y que sean objeto de tratamiento por parte <strong>PREVEMED GROUP LTDA <\/strong>con NIT. <strong>900.235.131-0 <\/strong><\/p>\n<p><\/p>\n<p>Dicho tratamiento podr\u00e1 realizarse por parte de <strong>PREVEMED GROUP LTDA<\/strong>. y dem\u00e1s personas naturales o jur\u00eddicas que la compa\u00f1\u00eda delegue. Para conocer m\u00e1s acerca de la pol\u00edtica de tratamiento de datos personales, esta puede ser consultada a trav\u00e9s de la p\u00e1gina web www.prevemedgroup.com. Los datos que sean suministrados por el USUARIO a trav\u00e9s del portal web u\/o cualquier otra de las fuentes utilizadas por <strong>PREVEMED GROUP LTDA <\/strong>para el establecimiento de contacto; ser\u00e1n utilizados por <strong>PREVEMED GROUP LTDA <\/strong>\u00fanicamente para los fines establecidos a trav\u00e9s de la pol\u00edtica de tratamiento de datos personales. Por lo anterior, con la aceptaci\u00f3n de la presente pol\u00edtica, el USUARIO manifiesta de forma expresa otorgada a trav\u00e9s del registro de esta p\u00e1gina web, que acepta las condiciones aqu\u00ed expresas y autoriza con consentimiento expl\u00edcito a <strong>PREVEMED GROUP LTDA <\/strong>y a las dem\u00e1s personas naturales o jur\u00eddicas que este determine para tratar sus datos para los fines indicados, de acuerdo con las condiciones de las normas vigentes. El dise\u00f1o y contenido de esta p\u00e1gina web es de propiedad exclusiva de <strong>PREVEMED GROUP LTDA <\/strong>y est\u00e1 prohibido su uso y reproducci\u00f3n.<\/p>\n<p><\/p>\n<p><strong>INFORMACI\u00d3N GENERAL <\/strong><\/p>\n<p><strong>PREVEMED GROUP LTDA <\/strong><span style=\"font-weight: var( --e-global-typography-text-font-weight );\">define las directrices para dar cumplimiento a la Ley Estatutaria 1581 de 2012, por la cual se dictan disposiciones generales para la protecci\u00f3n de datos personales, con el fin de desarrollar el derecho constitucional que tienen todas las personas a conocer, actualizar y rectificar la informaci\u00f3n que se haya recogido sobre ellas en bases de datos o archivos, y los dem\u00e1s derechos, libertades y garant\u00edas.<\/span><br><\/p>\n<p><\/p>\n<p>Los principios y disposiciones contenidas en la mencionada ley son aplicables a los datos personales registrados en cualquier <strong>base <\/strong>de datos que los haga susceptibles de tratamiento por entidades de naturaleza p\u00fablica o privada. Por lo tanto, la organizaci\u00f3n se debe regir por el r\u00e9gimen de protecci\u00f3n de datos personales establecido por esta ley, sus decretos reglamentarios y dem\u00e1s normatividad que la complemente, modifique o derogue.<\/p>\n<p><\/p>\n<p>Esta pol\u00edtica debe ser aplicada por todos los empleados y encargados, y en todos los procesos identificados en la organizaci\u00f3n donde exista tratamiento de datos personales.<\/p>\n<p><\/p>\n<p><\/p>\n<p><\/p>\n<ol>\n<li><strong> IDENTIFICACI\u00d3N DEL RESPONSABLE DEL TRATAMIENTO DE DATOS PERSONALES <\/strong><\/li>\n<\/ol>\n<p><strong>Nombre o raz\u00f3n social: PREVEMED GROUP LTDA NIT: <\/strong>900.235.131-0<\/p>\n<p><strong>Domicilio: <\/strong>En la ciudad de Bogot\u00e1 Calle 93 # 15 \u2013 51 Ofic 406<\/p>\n<p><strong>Tel\u00e9fono: <\/strong>601 2111827<\/p>\n<ol start=\"2\">\n<li><strong> DEFINICIONES <\/strong><\/li>\n<\/ol>\n<p>Autorizaci\u00f3n: Consentimiento previo, expreso e informado del titular para llevar a cabo el Tratamiento de datos personales.<\/p>\n<p><\/p>\n<p>Aviso de privacidad: Comunicaci\u00f3n verbal o escrita generada por el responsable, dirigida al Titular para el Tratamiento de sus datos personales, mediante la cual se le informa acerca de la existencia de las pol\u00edticas de Tratamiento de informaci\u00f3n que le ser\u00e1n aplicables, la forma de acceder a las mismas y las finalidades del Tratamiento que se pretende dar a los datos personales.<\/p>\n<p><\/p>\n<p>Base de datos: Conjunto organizado de datos personales que sea objeto de tratamiento.<\/p>\n<p>Datos personales: Cualquier informaci\u00f3n vinculada o que pueda asociarse a una o varias personas naturales determinadas o determinables.<\/p>\n<p><\/p>\n<p>Datos sensibles: Son aquellos que afectan la intimidad del titular o cuyo uso indebido puede generar su discriminaci\u00f3n, tales como aquellos que revelen el origen racial o \u00e9tnico, la orientaci\u00f3n pol\u00edtica, las convicciones religiosas o filos\u00f3ficas, la pertenencia a sindicatos, organizaciones sociales, de derechos humanos o que promueva intereses de cualquier partido pol\u00edtico o que garanticen los derechos y garant\u00edas de partidos pol\u00edticos de oposici\u00f3n as\u00ed como los datos relativos a la salud, a la vida sexual y los datos biom\u00e9tricos. (Art\u00edculo 5 Ley 1581 de 2012).<\/p>\n<p><\/p>\n<p>Encargado del tratamiento: Persona natural o jur\u00eddica, p\u00fablica o privada, que por s\u00ed misma o en asocio con otros, realice el tratamiento de datos personales por cuenta del responsable del tratamiento.<\/p>\n<p><\/p>\n<p>Responsable del tratamiento: Persona natural o jur\u00eddica, p\u00fablica o privada, que por s\u00ed misma o en asocio con otros, decida sobre la base de datos y\/o el tratamiento de los datos.<\/p>\n<p><\/p>\n<p>Titular: Persona natural cuyos datos personales sean objeto de tratamiento.<\/p>\n<p><\/p>\n<p>Tratamiento de datos: Cualquier operaci\u00f3n o conjunto de operaciones sobre datos personales, tales como la recolecci\u00f3n, almacenamiento, uso, circulaci\u00f3n o supresi\u00f3n.<\/p>\n<p><\/p>\n<ol start=\"3\">\n<li><strong> PRINCIPIOS APLICABLES AL TRATAMIENTO DE DATOS PERSONALES <\/strong><\/li>\n<\/ol>\n<p>Estos principios constituyen las reglas a seguir en la recolecci\u00f3n, manejo, uso, tratamiento, almacenamiento e intercambio, de datos personales:<\/p>\n<p><\/p>\n<p>Legalidad: El Tratamiento de datos personales se realizar\u00e1 conforme a las disposiciones legales aplicables (Ley Estatutaria 1581 de 2012 y sus decretos reglamentarios).<\/p>\n<p><\/p>\n<p>Finalidad: Los datos personales recolectados ser\u00e1n utilizados para un prop\u00f3sito espec\u00edfico y expl\u00edcito el cual debe ser informado al Titular o permitido por la Ley. El Titular ser\u00e1 informado de manera clara, suficiente y previa acerca de la finalidad de la informaci\u00f3n suministrada.<\/p>\n<p>Libertad: La recolecci\u00f3n de los Datos Personales solo podr\u00e1 ejercerse con la autorizaci\u00f3n, previa, expresa e informada del Titular.<\/p>\n<p><\/p>\n<p>Veracidad o Calidad: La informaci\u00f3n sujeta al Tratamiento de Datos Personales debe ser veraz, completa, exacta, actualizada, comprobable y comprensible.<\/p>\n<p><\/p>\n<p>Transparencia: En el Tratamiento de Datos Personales se garantiza el derecho del Titular a obtener en cualquier momento y sin restricciones, informaci\u00f3n acerca de la existencia de datos que le conciernan.<\/p>\n<p><\/p>\n<p>Acceso y circulaci\u00f3n restringida: El Tratamiento de datos personales solo podr\u00e1 realizarse por las personas autorizadas por el Titular y\/o por las personas previstas en la Ley.<\/p>\n<p><\/p>\n<p>Seguridad: Los Datos Personales sujetos a Tratamiento se manejar\u00e1n adoptando todas las medidas de seguridad que sean necesarias para evitar su p\u00e9rdida, adulteraci\u00f3n, consulta, uso o acceso no autorizado o fraudulento.<\/p>\n<p><\/p>\n<p>Confidencialidad: Los empleados, contratistas y proveedores de <strong>PREVEMED GROUP LTDA <\/strong>est\u00e1n obligados a guardar reserva sobre la informaci\u00f3n personal a la que tengan acceso con ocasi\u00f3n de su v\u00ednculo contractual con <strong>PREVEMED GROUP LTDA<\/strong>.<\/p>\n<p><\/p>\n<ol start=\"4\">\n<li><strong> TRATAMIENTO DE DATOS PERSONALES <\/strong><\/li>\n<\/ol>\n<p><\/p>\n<ol>\n<li><strong>PREVEMED GROUP LTDA <\/strong>actuar\u00e1 como responsable del tratamiento de datos personales de los cuales soy titular y que, conjunta o separadamente podr\u00e1 recolectar, usar y tratar mis datos personales conforme la Pol\u00edtica de Tratamiento de Datos Personales la <strong>PREVEMED GROUP LTDA <\/strong>disponible la p\u00e1gina web de la entidad.<\/li>\n<\/ol>\n<ol start=\"2\">\n<li>Que me ha sido informada la (s) finalidad (es) de la recolecci\u00f3n de los datos personales, la cual consiste en: agendar citas con prestadores de la salud.<\/li>\n<\/ol>\n<ol start=\"3\">\n<li>Es de car\u00e1cter facultativo o voluntario responder preguntas que versen sobre Datos Sensibles o sobre menores de edad.<\/li>\n<\/ol>\n<ol start=\"4\">\n<li>Mis derechos como titular de los datos son los previstos en la Constituci\u00f3n y la ley, especialmente el derecho a conocer, actualizar, rectificar y suprimir mi informaci\u00f3n personal, as\u00ed como el derecho a revocar el consentimiento otorgado para el tratamiento de datos personales.<\/li>\n<\/ol>\n<ol start=\"5\">\n<li>Los derechos pueden ser ejercidos a trav\u00e9s de los canales dispuestos por <strong>PREVEMED GROUP LTDA <\/strong>y observando la Pol\u00edtica de Tratamiento de Datos Personales de <strong>PREVEMED GROUP LTDA<\/strong>.<\/li>\n<\/ol>\n<ol start=\"6\">\n<li><strong>PREVEMED GROUP LTDA<\/strong> ha designado dos canales de comunicaci\u00f3n donde podr\u00e1 radicar cualquier tipo de requerimiento relacionado con el tratamiento de sus datos personales.<\/li>\n<\/ol>\n<p>Mediante la p\u00e1gina web de la entidad (<a href=\"http:\/\/www.prevemedgroup.com\">www.prevemedgroup.com<\/a>) en el link <a href=\"https:\/\/prevemedgroup.com\/colombia\/solicitud-de-consultas-y-o-reclamaciones-proteccion-de-datos-personales\/\">https:\/\/prevemedgroup.com\/colombia\/solicitud-de-consultas-y-o-reclamaciones-proteccion-de-datos-personales\/<\/a> \u00f3 al correo electr\u00f3nico <a href=\"mailto:midatopersonal@prevemedgroup.com\">midatopersonal@prevemedgroup.com<\/a><\/p>\n<p><\/p>\n<ol start=\"7\">\n<li>La <strong>PREVEMED GROUP LTDA <\/strong>garantizar\u00e1 la confidencialidad, libertad, seguridad, veracidad, transparencia, acceso y circulaci\u00f3n restringida de mis datos y se reservar\u00e1 el derecho de modificar su Pol\u00edtica de Tratamiento de Datos Personales en cualquier momento. Cualquier cambio ser\u00e1 informado y publicado oportunamente en la p\u00e1gina web.<\/li>\n<\/ol>\n<ol start=\"8\">\n<li>Teniendo en cuenta lo anterior, autorizo de manera voluntaria, previa, expl\u00edcita, informada e inequ\u00edvoca a <strong>PREVEMED GROUP LTDA <\/strong>para tratar mis datos personales y de los menores que yo represente de acuerdo con su Pol\u00edtica de Tratamiento de Datos Personales para los fines relacionados con su objeto y en especial para fines legales, contractuales, misionales descritos en la Pol\u00edtica de Tratamiento de Datos Personales la <strong>PREVEMED GROUP LTDA<\/strong>.<\/li>\n<\/ol>\n<ol start=\"9\">\n<li>Legislaci\u00f3n Aplicable<\/li>\n<\/ol>\n<p>Esta Pol\u00edtica de Protecci\u00f3n de Datos Personales y el formato de autorizaci\u00f3n, se rigen por lo dispuesto en el Art\u00edculo 15 de la Constituci\u00f3n Pol\u00edtica de Colombia, la Ley 1581 de 2012, el Decreto \u00danico 1074 de 2015 y dem\u00e1s normas que las modifiquen, deroguen o sustituyan.<\/p>\n<ol start=\"10\">\n<li>Vigencia<\/li>\n<\/ol>\n<p>Esta Pol\u00edtica para el Tratamiento de Datos Personales fue aprobada y est\u00e1 vigente a partir del d\u00eda 01 de enero de 2024, as\u00ed como sus siguientes modificaciones. Las bases de datos sujetas a tratamiento estar\u00e1n vigentes mientras ello sea necesario para las finalidades se\u00f1aladas en el numeral cuarto (4) de esta pol\u00edtica o por disposici\u00f3n legal.<\/p>\n<p><\/p>\t\t\t\t\t\t\t\t<\/div>\n\t\t\t\t<\/div>\n\t\t\t\t\t<\/div>\n\t\t<\/div>\n\t\t\t\t\t<\/div>\n\t\t<\/section>\n\t\t\t\t<section class=\"elementor-section elementor-top-section elementor-element elementor-element-5903fc1 elementor-section-boxed elementor-section-height-default elementor-section-height-default\" data-id=\"5903fc1\" data-element_type=\"section\" data-e-type=\"section\">\n\t\t\t\t\t\t<div class=\"elementor-container elementor-column-gap-default\">\n\t\t\t\t\t<div class=\"elementor-column elementor-col-100 elementor-top-column elementor-element elementor-element-74f21268\" data-id=\"74f21268\" data-element_type=\"column\" data-e-type=\"column\">\n\t\t\t<div class=\"elementor-widget-wrap elementor-element-populated\">\n\t\t\t\t\t\t<div class=\"elementor-element elementor-element-6d9320bb elementor-widget elementor-widget-spacer\" data-id=\"6d9320bb\" data-element_type=\"widget\" data-e-type=\"widget\" data-widget_type=\"spacer.default\">\n\t\t\t\t<div class=\"elementor-widget-container\">\n\t\t\t\t\t\t\t<div class=\"elementor-spacer\">\n\t\t\t<div class=\"elementor-spacer-inner\"><\/div>\n\t\t<\/div>\n\t\t\t\t\t\t<\/div>\n\t\t\t\t<\/div>\n\t\t\t\t\t<\/div>\n\t\t<\/div>\n\t\t\t\t\t<\/div>\n\t\t<\/section>\n\t\t\t\t<section class=\"elementor-section elementor-top-section elementor-element elementor-element-c2c1e3c elementor-section-stretched elementor-section-full_width elementor-section-height-default elementor-section-height-default\" data-id=\"c2c1e3c\" data-element_type=\"section\" data-e-type=\"section\" data-settings=\"{&quot;stretch_section&quot;:&quot;section-stretched&quot;,&quot;background_background&quot;:&quot;classic&quot;}\">\n\t\t\t\t\t\t<div class=\"elementor-container elementor-column-gap-no\">\n\t\t\t\t\t<div class=\"elementor-column elementor-col-100 elementor-top-column elementor-element elementor-element-e981054\" data-id=\"e981054\" data-element_type=\"column\" data-e-type=\"column\">\n\t\t\t<div class=\"elementor-widget-wrap elementor-element-populated\">\n\t\t\t\t\t\t<div class=\"elementor-element elementor-element-e88ffd8 elementor-widget elementor-widget-heading\" data-id=\"e88ffd8\" data-element_type=\"widget\" data-e-type=\"widget\" data-widget_type=\"heading.default\">\n\t\t\t\t<div class=\"elementor-widget-container\">\n\t\t\t\t\t<h3 class=\"elementor-heading-title elementor-size-default\">Promociones Prevemed<\/h3>\t\t\t\t<\/div>\n\t\t\t\t<\/div>\n\t\t\t\t<div class=\"elementor-element elementor-element-5b4436b elementor-widget elementor-widget-heading\" data-id=\"5b4436b\" data-element_type=\"widget\" data-e-type=\"widget\" data-widget_type=\"heading.default\">\n\t\t\t\t<div class=\"elementor-widget-container\">\n\t\t\t\t\t<h3 class=\"elementor-heading-title elementor-size-default\">Reciba notificaciones de promociones y descuentos con nuestros aliados en diferentes procedimientos y consultas m\u00e9dicas especializadas.<\/h3>\t\t\t\t<\/div>\n\t\t\t\t<\/div>\n\t\t\t\t<section class=\"elementor-section elementor-inner-section elementor-element elementor-element-9709e44 elementor-section-boxed elementor-section-height-default elementor-section-height-default\" data-id=\"9709e44\" data-element_type=\"section\" data-e-type=\"section\">\n\t\t\t\t\t\t<div class=\"elementor-container elementor-column-gap-no\">\n\t\t\t\t\t<div class=\"elementor-column elementor-col-50 elementor-inner-column elementor-element elementor-element-11e48fb\" data-id=\"11e48fb\" data-element_type=\"column\" data-e-type=\"column\">\n\t\t\t<div class=\"elementor-widget-wrap\">\n\t\t\t\t\t\t\t<\/div>\n\t\t<\/div>\n\t\t\t\t<div class=\"elementor-column elementor-col-50 elementor-inner-column elementor-element elementor-element-dc5cd4b\" data-id=\"dc5cd4b\" data-element_type=\"column\" data-e-type=\"column\">\n\t\t\t<div class=\"elementor-widget-wrap elementor-element-populated\">\n\t\t\t\t\t\t<div class=\"elementor-element elementor-element-6b7a994 elementor-mobile-button-align-center elementor-button-align-stretch elementor-widget elementor-widget-form\" data-id=\"6b7a994\" data-element_type=\"widget\" data-e-type=\"widget\" data-settings=\"{&quot;button_width&quot;:&quot;25&quot;,&quot;button_width_tablet&quot;:&quot;25&quot;,&quot;step_next_label&quot;:&quot;Next&quot;,&quot;step_previous_label&quot;:&quot;Previous&quot;,&quot;step_type&quot;:&quot;number_text&quot;,&quot;step_icon_shape&quot;:&quot;circle&quot;}\" data-widget_type=\"form.default\">\n\t\t\t\t<div class=\"elementor-widget-container\">\n\t\t\t\t\t\t\t<form class=\"elementor-form\" method=\"post\" name=\"Form Prestadores\">\n\t\t\t<input type=\"hidden\" name=\"post_id\" value=\"2335\"\/>\n\t\t\t<input type=\"hidden\" name=\"form_id\" value=\"6b7a994\"\/>\n\t\t\t<input type=\"hidden\" name=\"referer_title\" value=\"\" \/>\n\n\t\t\t\n\t\t\t<div class=\"elementor-form-fields-wrapper elementor-labels-\">\n\t\t\t\t\t\t\t\t<div class=\"elementor-field-type-text elementor-field-group elementor-column elementor-field-group-nombre elementor-col-25 elementor-md-25 elementor-field-required\">\n\t\t\t\t\t\t\t\t\t\t\t\t<label for=\"form-field-nombre\" class=\"elementor-field-label elementor-screen-only\">\n\t\t\t\t\t\t\t\tNombre\t\t\t\t\t\t\t<\/label>\n\t\t\t\t\t\t\t\t\t\t\t\t\t\t<input size=\"1\" type=\"text\" name=\"form_fields[nombre]\" id=\"form-field-nombre\" class=\"elementor-field elementor-size-sm  elementor-field-textual\" placeholder=\"Nombre:\" required=\"required\" aria-required=\"true\">\n\t\t\t\t\t\t\t\t\t\t\t<\/div>\n\t\t\t\t\t\t\t\t<div class=\"elementor-field-type-text elementor-field-group elementor-column elementor-field-group-apellido elementor-col-25 elementor-md-25 elementor-field-required\">\n\t\t\t\t\t\t\t\t\t\t\t\t<label for=\"form-field-apellido\" class=\"elementor-field-label elementor-screen-only\">\n\t\t\t\t\t\t\t\tApellido\t\t\t\t\t\t\t<\/label>\n\t\t\t\t\t\t\t\t\t\t\t\t\t\t<input size=\"1\" type=\"text\" name=\"form_fields[apellido]\" id=\"form-field-apellido\" class=\"elementor-field elementor-size-sm  elementor-field-textual\" placeholder=\"Apellido:\" required=\"required\" aria-required=\"true\">\n\t\t\t\t\t\t\t\t\t\t\t<\/div>\n\t\t\t\t\t\t\t\t<div class=\"elementor-field-type-text elementor-field-group elementor-column elementor-field-group-email elementor-col-25 elementor-md-25 elementor-field-required\">\n\t\t\t\t\t\t\t\t\t\t\t\t<label for=\"form-field-email\" class=\"elementor-field-label elementor-screen-only\">\n\t\t\t\t\t\t\t\tEmail\t\t\t\t\t\t\t<\/label>\n\t\t\t\t\t\t\t\t\t\t\t\t\t\t<input size=\"1\" type=\"text\" name=\"form_fields[email]\" id=\"form-field-email\" class=\"elementor-field elementor-size-sm  elementor-field-textual\" placeholder=\"Email:\" required=\"required\" aria-required=\"true\">\n\t\t\t\t\t\t\t\t\t\t\t<\/div>\n\t\t\t\t\t\t\t\t<div class=\"elementor-field-group elementor-column elementor-field-type-submit elementor-col-25 e-form__buttons elementor-md-25\">\n\t\t\t\t\t<button type=\"submit\" class=\"elementor-button elementor-size-sm\">\n\t\t\t\t\t\t<span >\n\t\t\t\t\t\t\t\t\t\t\t\t\t\t\t<span class=\" elementor-button-icon\">\n\t\t\t\t\t\t\t\t\t\t\t\t\t\t\t\t\t\t\t\t\t\t\t\t\t\t<\/span>\n\t\t\t\t\t\t\t\t\t\t\t\t\t\t\t\t\t\t\t\t\t\t<span class=\"elementor-button-text\">Enviar<\/span>\n\t\t\t\t\t\t\t\t\t\t\t\t\t<\/span>\n\t\t\t\t\t<\/button>\n\t\t\t\t<\/div>\n\t\t\t<\/div>\n\t\t<\/form>\n\t\t\t\t\t\t<\/div>\n\t\t\t\t<\/div>\n\t\t\t\t\t<\/div>\n\t\t<\/div>\n\t\t\t\t\t<\/div>\n\t\t<\/section>\n\t\t\t\t\t<\/div>\n\t\t<\/div>\n\t\t\t\t\t<\/div>\n\t\t<\/section>\n\t\t\t\t<\/div>\n\t\t","protected":false},"excerpt":{"rendered":"<p>POLITICA PARA EL TRATAMIENTO DE DATOS PERSONALES Dando cumplimiento a lo se\u00f1alado en la Ley Estatutaria 1581 de 2012, su Decreto Reglamentario 1377 de 2013, el Decreto \u00danico 1074 de 2015, y dem\u00e1s disposiciones relacionadas, informamos a todos los interesados que esta pol\u00edtica de protecci\u00f3n de datos personales se aplicar\u00e1 a todas las bases de &hellip; <\/p>\n<p class=\"link-more\"><a href=\"https:\/\/prevemedgroup.com\/colombia\/politica-de-datos-personales\/\" class=\"more-link\">Seguir leyendo<span class=\"screen-reader-text\"> \u00abPOLITICA PARA EL TRATAMIENTO DE DATOS PERSONALES\u00bb<\/span><\/a><\/p>\n","protected":false},"author":1,"featured_media":0,"parent":0,"menu_order":0,"comment_status":"closed","ping_status":"closed","template":"elementor_header_footer","meta":{"footnotes":""},"class_list":["post-2335","page","type-page","status-publish","hentry","entry"],"_links":{"self":[{"href":"https:\/\/prevemedgroup.com\/colombia\/wp-json\/wp\/v2\/pages\/2335","targetHints":{"allow":["GET"]}}],"collection":[{"href":"https:\/\/prevemedgroup.com\/colombia\/wp-json\/wp\/v2\/pages"}],"about":[{"href":"https:\/\/prevemedgroup.com\/colombia\/wp-json\/wp\/v2\/types\/page"}],"author":[{"embeddable":true,"href":"https:\/\/prevemedgroup.com\/colombia\/wp-json\/wp\/v2\/users\/1"}],"replies":[{"embeddable":true,"href":"https:\/\/prevemedgroup.com\/colombia\/wp-json\/wp\/v2\/comments?post=2335"}],"version-history":[{"count":7,"href":"https:\/\/prevemedgroup.com\/colombia\/wp-json\/wp\/v2\/pages\/2335\/revisions"}],"predecessor-version":[{"id":2342,"href":"https:\/\/prevemedgroup.com\/colombia\/wp-json\/wp\/v2\/pages\/2335\/revisions\/2342"}],"wp:attachment":[{"href":"https:\/\/prevemedgroup.com\/colombia\/wp-json\/wp\/v2\/media?parent=2335"}],"curies":[{"name":"wp","href":"https:\/\/api.w.org\/{rel}","templated":true}]}}