{"id":168,"date":"2019-08-27T16:40:59","date_gmt":"2019-08-27T14:40:59","guid":{"rendered":"https:\/\/prevemedgroup.com\/colombia\/?page_id=168"},"modified":"2021-07-28T12:14:32","modified_gmt":"2021-07-28T17:14:32","slug":"beneficios-clientes","status":"publish","type":"page","link":"https:\/\/prevemedgroup.com\/colombia\/beneficios-clientes\/","title":{"rendered":"Beneficios clientes"},"content":{"rendered":"\t\t<div data-elementor-type=\"wp-post\" data-elementor-id=\"168\" class=\"elementor elementor-168\">\n\t\t\t\t\t\t<section class=\"elementor-section elementor-top-section elementor-element elementor-element-2596440f elementor-section-stretched elementor-section-full_width elementor-section-height-default elementor-section-height-default\" data-id=\"2596440f\" data-element_type=\"section\" data-e-type=\"section\" data-settings=\"{&quot;stretch_section&quot;:&quot;section-stretched&quot;,&quot;background_background&quot;:&quot;classic&quot;}\">\n\t\t\t\t\t\t<div class=\"elementor-container elementor-column-gap-no\">\n\t\t\t\t\t<div class=\"elementor-column elementor-col-100 elementor-top-column elementor-element elementor-element-1e64969\" data-id=\"1e64969\" data-element_type=\"column\" data-e-type=\"column\">\n\t\t\t<div class=\"elementor-widget-wrap elementor-element-populated\">\n\t\t\t\t\t\t<div class=\"elementor-element elementor-element-75f6a90 elementor-widget elementor-widget-heading\" data-id=\"75f6a90\" data-element_type=\"widget\" data-e-type=\"widget\" data-widget_type=\"heading.default\">\n\t\t\t\t<div class=\"elementor-widget-container\">\n\t\t\t\t\t<h3 class=\"elementor-heading-title elementor-size-xxl\">Beneficios para clientes<\/h3>\t\t\t\t<\/div>\n\t\t\t\t<\/div>\n\t\t\t\t<div class=\"elementor-element elementor-element-870ae71 elementor-widget-divider--view-line elementor-widget elementor-widget-divider\" data-id=\"870ae71\" data-element_type=\"widget\" data-e-type=\"widget\" data-widget_type=\"divider.default\">\n\t\t\t\t<div class=\"elementor-widget-container\">\n\t\t\t\t\t\t\t<div class=\"elementor-divider\">\n\t\t\t<span class=\"elementor-divider-separator\">\n\t\t\t\t\t\t<\/span>\n\t\t<\/div>\n\t\t\t\t\t\t<\/div>\n\t\t\t\t<\/div>\n\t\t\t\t<div class=\"elementor-element elementor-element-35d2b93 elementor-widget elementor-widget-text-editor\" data-id=\"35d2b93\" data-element_type=\"widget\" data-e-type=\"widget\" data-widget_type=\"text-editor.default\">\n\t\t\t\t<div class=\"elementor-widget-container\">\n\t\t\t\t\t\t\t\t\t<p>Accede a nuestros prestadores en menos de 72 horas, consultas desde<br \/><strong>$63.000 pesos con especialistas<\/strong><\/p><p><strong>Una sola llamada y coordinamos con Ud. el requerimiento m\u00e9dico<\/strong><\/p>\t\t\t\t\t\t\t\t<\/div>\n\t\t\t\t<\/div>\n\t\t\t\t\t<\/div>\n\t\t<\/div>\n\t\t\t\t\t<\/div>\n\t\t<\/section>\n\t\t\t\t<section class=\"elementor-section elementor-top-section elementor-element elementor-element-71a47040 elementor-section-boxed elementor-section-height-default elementor-section-height-default\" data-id=\"71a47040\" data-element_type=\"section\" data-e-type=\"section\">\n\t\t\t\t\t\t<div class=\"elementor-container elementor-column-gap-default\">\n\t\t\t\t\t<div class=\"elementor-column elementor-col-100 elementor-top-column elementor-element elementor-element-76be3e60\" data-id=\"76be3e60\" data-element_type=\"column\" data-e-type=\"column\">\n\t\t\t<div class=\"elementor-widget-wrap elementor-element-populated\">\n\t\t\t\t\t\t<div class=\"elementor-element elementor-element-6d2b1a86 elementor-widget elementor-widget-spacer\" data-id=\"6d2b1a86\" data-element_type=\"widget\" data-e-type=\"widget\" data-widget_type=\"spacer.default\">\n\t\t\t\t<div class=\"elementor-widget-container\">\n\t\t\t\t\t\t\t<div class=\"elementor-spacer\">\n\t\t\t<div class=\"elementor-spacer-inner\"><\/div>\n\t\t<\/div>\n\t\t\t\t\t\t<\/div>\n\t\t\t\t<\/div>\n\t\t\t\t\t<\/div>\n\t\t<\/div>\n\t\t\t\t\t<\/div>\n\t\t<\/section>\n\t\t\t\t<section class=\"elementor-section elementor-top-section elementor-element elementor-element-559c43e elementor-section-boxed elementor-section-height-default elementor-section-height-default\" data-id=\"559c43e\" data-element_type=\"section\" data-e-type=\"section\">\n\t\t\t\t\t\t<div class=\"elementor-container elementor-column-gap-default\">\n\t\t\t\t\t<div class=\"elementor-column elementor-col-33 elementor-top-column elementor-element elementor-element-7d6603d\" data-id=\"7d6603d\" data-element_type=\"column\" data-e-type=\"column\" data-settings=\"{&quot;background_background&quot;:&quot;classic&quot;}\">\n\t\t\t<div class=\"elementor-widget-wrap elementor-element-populated\">\n\t\t\t\t\t\t<div class=\"elementor-element elementor-element-51f73e0 elementor-position-top elementor-widget elementor-widget-image-box\" data-id=\"51f73e0\" data-element_type=\"widget\" data-e-type=\"widget\" data-widget_type=\"image-box.default\">\n\t\t\t\t<div class=\"elementor-widget-container\">\n\t\t\t\t\t<div class=\"elementor-image-box-wrapper\"><figure class=\"elementor-image-box-img\"><img decoding=\"async\" width=\"150\" height=\"150\" src=\"https:\/\/prevemedgroup.com\/colombia\/wp-content\/uploads\/sites\/3\/2021\/07\/citas_medicas.png\" class=\"attachment-full size-full wp-image-1912\" alt=\"\" \/><\/figure><div class=\"elementor-image-box-content\"><h3 class=\"elementor-image-box-title\">Citas m\u00e9dicas<\/h3><p class=\"elementor-image-box-description\">43 Especialistas.<\/p><\/div><\/div>\t\t\t\t<\/div>\n\t\t\t\t<\/div>\n\t\t\t\t\t<\/div>\n\t\t<\/div>\n\t\t\t\t<div class=\"elementor-column elementor-col-33 elementor-top-column elementor-element elementor-element-cbe03fa\" data-id=\"cbe03fa\" data-element_type=\"column\" data-e-type=\"column\" data-settings=\"{&quot;background_background&quot;:&quot;classic&quot;}\">\n\t\t\t<div class=\"elementor-widget-wrap elementor-element-populated\">\n\t\t\t\t\t\t<div class=\"elementor-element elementor-element-f9fd88c elementor-position-top elementor-widget elementor-widget-image-box\" data-id=\"f9fd88c\" data-element_type=\"widget\" data-e-type=\"widget\" data-widget_type=\"image-box.default\">\n\t\t\t\t<div class=\"elementor-widget-container\">\n\t\t\t\t\t<div class=\"elementor-image-box-wrapper\"><figure class=\"elementor-image-box-img\"><img decoding=\"async\" width=\"150\" height=\"150\" src=\"https:\/\/prevemedgroup.com\/colombia\/wp-content\/uploads\/sites\/3\/2021\/07\/examen_laboratorio.png\" class=\"attachment-full size-full wp-image-1913\" alt=\"\" \/><\/figure><div class=\"elementor-image-box-content\"><h3 class=\"elementor-image-box-title\">Ex\u00e1menes<br>de laboratorio<\/h3><p class=\"elementor-image-box-description\">Diagn\u00f3sticos y<br>Complementarios.<\/p><\/div><\/div>\t\t\t\t<\/div>\n\t\t\t\t<\/div>\n\t\t\t\t\t<\/div>\n\t\t<\/div>\n\t\t\t\t<div class=\"elementor-column elementor-col-33 elementor-top-column elementor-element elementor-element-2a7b06c\" data-id=\"2a7b06c\" data-element_type=\"column\" data-e-type=\"column\" data-settings=\"{&quot;background_background&quot;:&quot;classic&quot;}\">\n\t\t\t<div class=\"elementor-widget-wrap elementor-element-populated\">\n\t\t\t\t\t\t<div class=\"elementor-element elementor-element-a00539b elementor-position-top elementor-widget elementor-widget-image-box\" data-id=\"a00539b\" data-element_type=\"widget\" data-e-type=\"widget\" data-widget_type=\"image-box.default\">\n\t\t\t\t<div class=\"elementor-widget-container\">\n\t\t\t\t\t<div class=\"elementor-image-box-wrapper\"><figure class=\"elementor-image-box-img\"><img decoding=\"async\" width=\"150\" height=\"150\" src=\"https:\/\/prevemedgroup.com\/colombia\/wp-content\/uploads\/sites\/3\/2021\/07\/medico_domicilio.png\" class=\"attachment-full size-full wp-image-1914\" alt=\"\" \/><\/figure><div class=\"elementor-image-box-content\"><h3 class=\"elementor-image-box-title\">M\u00e9dico a domicilio<\/h3><p class=\"elementor-image-box-description\">M\u00e9dicos particulares en la comodidad de su hogar para atender las principales molestias de salud de su familia. <br>Ciudades con cobertura seg\u00fan ubicaci\u00f3n: Bogot\u00e1, Cali, Medell\u00edn.<\/p><\/div><\/div>\t\t\t\t<\/div>\n\t\t\t\t<\/div>\n\t\t\t\t\t<\/div>\n\t\t<\/div>\n\t\t\t\t\t<\/div>\n\t\t<\/section>\n\t\t\t\t<section class=\"elementor-section elementor-top-section elementor-element elementor-element-b357df1 elementor-section-boxed elementor-section-height-default elementor-section-height-default\" data-id=\"b357df1\" data-element_type=\"section\" data-e-type=\"section\">\n\t\t\t\t\t\t<div class=\"elementor-container elementor-column-gap-default\">\n\t\t\t\t\t<div class=\"elementor-column elementor-col-33 elementor-top-column elementor-element elementor-element-87ad185\" data-id=\"87ad185\" data-element_type=\"column\" data-e-type=\"column\" data-settings=\"{&quot;background_background&quot;:&quot;classic&quot;}\">\n\t\t\t<div class=\"elementor-widget-wrap elementor-element-populated\">\n\t\t\t\t\t\t<div class=\"elementor-element elementor-element-60e589e elementor-position-top elementor-widget elementor-widget-image-box\" data-id=\"60e589e\" data-element_type=\"widget\" data-e-type=\"widget\" data-widget_type=\"image-box.default\">\n\t\t\t\t<div class=\"elementor-widget-container\">\n\t\t\t\t\t<div class=\"elementor-image-box-wrapper\"><figure class=\"elementor-image-box-img\"><img loading=\"lazy\" decoding=\"async\" width=\"150\" height=\"150\" src=\"https:\/\/prevemedgroup.com\/colombia\/wp-content\/uploads\/sites\/3\/2021\/07\/odontologia-2.png\" class=\"attachment-full size-full wp-image-1915\" alt=\"\" \/><\/figure><div class=\"elementor-image-box-content\"><h3 class=\"elementor-image-box-title\">Odontolog\u00eda<\/h3><p class=\"elementor-image-box-description\">Red de prestadores a nivel nacional, con los mejores precios preferenciales.<\/p><\/div><\/div>\t\t\t\t<\/div>\n\t\t\t\t<\/div>\n\t\t\t\t\t<\/div>\n\t\t<\/div>\n\t\t\t\t<div class=\"elementor-column elementor-col-33 elementor-top-column elementor-element elementor-element-5a2123c\" data-id=\"5a2123c\" data-element_type=\"column\" data-e-type=\"column\" data-settings=\"{&quot;background_background&quot;:&quot;classic&quot;}\">\n\t\t\t<div class=\"elementor-widget-wrap elementor-element-populated\">\n\t\t\t\t\t\t<div class=\"elementor-element elementor-element-df39db7 elementor-position-top elementor-widget elementor-widget-image-box\" data-id=\"df39db7\" data-element_type=\"widget\" data-e-type=\"widget\" data-widget_type=\"image-box.default\">\n\t\t\t\t<div class=\"elementor-widget-container\">\n\t\t\t\t\t<div class=\"elementor-image-box-wrapper\"><figure class=\"elementor-image-box-img\"><img loading=\"lazy\" decoding=\"async\" width=\"150\" height=\"150\" src=\"https:\/\/prevemedgroup.com\/colombia\/wp-content\/uploads\/sites\/3\/2021\/07\/teleorientacion.png\" class=\"attachment-full size-full wp-image-1910\" alt=\"\" \/><\/figure><div class=\"elementor-image-box-content\"><h3 class=\"elementor-image-box-title\">Asistencia<br>M\u00e9dica Virtual<\/h3><p class=\"elementor-image-box-description\">Consejer\u00eda y asesor\u00eda para estar m\u00e1s cerca a ti y a tu familia a trav\u00e9s de nuestras l\u00edneas telef\u00f3nicas.<\/p><\/div><\/div>\t\t\t\t<\/div>\n\t\t\t\t<\/div>\n\t\t\t\t<div class=\"elementor-element elementor-element-d05cbbb elementor-widget elementor-widget-spacer\" data-id=\"d05cbbb\" data-element_type=\"widget\" data-e-type=\"widget\" data-widget_type=\"spacer.default\">\n\t\t\t\t<div class=\"elementor-widget-container\">\n\t\t\t\t\t\t\t<div class=\"elementor-spacer\">\n\t\t\t<div class=\"elementor-spacer-inner\"><\/div>\n\t\t<\/div>\n\t\t\t\t\t\t<\/div>\n\t\t\t\t<\/div>\n\t\t\t\t\t<\/div>\n\t\t<\/div>\n\t\t\t\t<div class=\"elementor-column elementor-col-33 elementor-top-column elementor-element elementor-element-eadc0e9\" data-id=\"eadc0e9\" data-element_type=\"column\" data-e-type=\"column\" data-settings=\"{&quot;background_background&quot;:&quot;classic&quot;}\">\n\t\t\t<div class=\"elementor-widget-wrap elementor-element-populated\">\n\t\t\t\t\t\t<div class=\"elementor-element elementor-element-e9b55c4 elementor-position-top elementor-widget elementor-widget-image-box\" data-id=\"e9b55c4\" data-element_type=\"widget\" data-e-type=\"widget\" data-widget_type=\"image-box.default\">\n\t\t\t\t<div class=\"elementor-widget-container\">\n\t\t\t\t\t<div class=\"elementor-image-box-wrapper\"><figure class=\"elementor-image-box-img\"><img loading=\"lazy\" decoding=\"async\" width=\"150\" height=\"150\" src=\"https:\/\/prevemedgroup.com\/colombia\/wp-content\/uploads\/sites\/3\/2021\/07\/bienestar_salud.png\" class=\"attachment-full size-full wp-image-1911\" alt=\"\" \/><\/figure><div class=\"elementor-image-box-content\"><h3 class=\"elementor-image-box-title\">Bienestar y salud<\/h3><p class=\"elementor-image-box-description\">Equilibrio saludable entre los niveles mental, f\u00edsico y emocional.<\/p><\/div><\/div>\t\t\t\t<\/div>\n\t\t\t\t<\/div>\n\t\t\t\t\t<\/div>\n\t\t<\/div>\n\t\t\t\t\t<\/div>\n\t\t<\/section>\n\t\t\t\t<section class=\"elementor-section elementor-top-section elementor-element elementor-element-16f93850 elementor-section-stretched elementor-section-full_width elementor-section-height-default elementor-section-height-default\" data-id=\"16f93850\" data-element_type=\"section\" data-e-type=\"section\" data-settings=\"{&quot;stretch_section&quot;:&quot;section-stretched&quot;}\">\n\t\t\t\t\t\t<div class=\"elementor-container elementor-column-gap-default\">\n\t\t\t\t\t<div class=\"elementor-column elementor-col-100 elementor-top-column elementor-element elementor-element-52edd316\" data-id=\"52edd316\" data-element_type=\"column\" data-e-type=\"column\">\n\t\t\t<div class=\"elementor-widget-wrap elementor-element-populated\">\n\t\t\t\t\t\t<div class=\"elementor-element elementor-element-2e299b53 elementor-widget elementor-widget-spacer\" data-id=\"2e299b53\" data-element_type=\"widget\" data-e-type=\"widget\" data-widget_type=\"spacer.default\">\n\t\t\t\t<div class=\"elementor-widget-container\">\n\t\t\t\t\t\t\t<div class=\"elementor-spacer\">\n\t\t\t<div class=\"elementor-spacer-inner\"><\/div>\n\t\t<\/div>\n\t\t\t\t\t\t<\/div>\n\t\t\t\t<\/div>\n\t\t\t\t\t<\/div>\n\t\t<\/div>\n\t\t\t\t\t<\/div>\n\t\t<\/section>\n\t\t\t\t<\/div>\n\t\t","protected":false},"excerpt":{"rendered":"<p>Beneficios para clientes Accede a nuestros prestadores en menos de 72 horas, consultas desde$63.000 pesos con especialistas Una sola llamada y coordinamos con Ud. el requerimiento m\u00e9dico Citas m\u00e9dicas 43 Especialistas. Ex\u00e1menesde laboratorio Diagn\u00f3sticos yComplementarios. M\u00e9dico a domicilio M\u00e9dicos particulares en la comodidad de su hogar para atender las principales molestias de salud de su &hellip; <\/p>\n<p class=\"link-more\"><a href=\"https:\/\/prevemedgroup.com\/colombia\/beneficios-clientes\/\" class=\"more-link\">Seguir leyendo<span class=\"screen-reader-text\"> \u00abBeneficios clientes\u00bb<\/span><\/a><\/p>\n","protected":false},"author":1,"featured_media":0,"parent":0,"menu_order":0,"comment_status":"closed","ping_status":"closed","template":"elementor_header_footer","meta":{"footnotes":""},"class_list":["post-168","page","type-page","status-publish","hentry","entry"],"_links":{"self":[{"href":"https:\/\/prevemedgroup.com\/colombia\/wp-json\/wp\/v2\/pages\/168","targetHints":{"allow":["GET"]}}],"collection":[{"href":"https:\/\/prevemedgroup.com\/colombia\/wp-json\/wp\/v2\/pages"}],"about":[{"href":"https:\/\/prevemedgroup.com\/colombia\/wp-json\/wp\/v2\/types\/page"}],"author":[{"embeddable":true,"href":"https:\/\/prevemedgroup.com\/colombia\/wp-json\/wp\/v2\/users\/1"}],"replies":[{"embeddable":true,"href":"https:\/\/prevemedgroup.com\/colombia\/wp-json\/wp\/v2\/comments?post=168"}],"version-history":[{"count":132,"href":"https:\/\/prevemedgroup.com\/colombia\/wp-json\/wp\/v2\/pages\/168\/revisions"}],"predecessor-version":[{"id":2011,"href":"https:\/\/prevemedgroup.com\/colombia\/wp-json\/wp\/v2\/pages\/168\/revisions\/2011"}],"wp:attachment":[{"href":"https:\/\/prevemedgroup.com\/colombia\/wp-json\/wp\/v2\/media?parent=168"}],"curies":[{"name":"wp","href":"https:\/\/api.w.org\/{rel}","templated":true}]}}